{"id":101565,"date":"2024-10-01T12:59:49","date_gmt":"2024-10-01T15:59:49","guid":{"rendered":"https:\/\/estiloromano.smartjoias.com.br\/escolhas\/shop\/sem categoria\/piercing-6-zirconias-em-aco-banhado-a-ouro\/"},"modified":"2025-03-24T20:59:39","modified_gmt":"2025-03-24T23:59:39","slug":"piercing-6-zirconias-em-aco-banhado-a-ouro","status":"publish","type":"product","link":"https:\/\/estiloromano.smartjoias.com.br\/escolhas\/shop\/sem-categoria\/piercing-6-zirconias-em-aco-banhado-a-ouro\/","title":{"rendered":"Piercing 6 Zirc\u00f4nias em A\u00e7o Banhado a Ouro"},"content":{"rendered":"<p>Piercing 6 Zirc\u00f4nias em A\u00e7o Banhado a Ouro<\/p>\n","protected":false},"excerpt":{"rendered":"<p>Piercing 6 Zirc\u00f4nias em A\u00e7o Banhado a Ouro<\/p>\n","protected":false},"featured_media":104582,"template":"","meta":[],"product_cat":[2480],"product_tag":[],"class_list":{"0":"post-101565","1":"product","2":"type-product","3":"status-publish","4":"has-post-thumbnail","6":"product_cat-sem-categoria","8":"first","9":"instock","10":"shipping-taxable","11":"purchasable","12":"product-type-simple"},"fifu_image_url":"https:\/\/orgbling.s3.amazonaws.com\/25e28644d5bc765187a98d9415eab57d\/f24b69a34de385e4559c9f5e11a7b035?AWSAccessKeyId=AKIATCLMSGFX4J7TU445&Expires=1743465490&Signature=dft8nhf7VpnGyWC%2FDO%2Bfr3GI1YU%3D","_links":{"self":[{"href":"https:\/\/estiloromano.smartjoias.com.br\/escolhas\/wp-json\/wp\/v2\/product\/101565","targetHints":{"allow":["GET"]}}],"collection":[{"href":"https:\/\/estiloromano.smartjoias.com.br\/escolhas\/wp-json\/wp\/v2\/product"}],"about":[{"href":"https:\/\/estiloromano.smartjoias.com.br\/escolhas\/wp-json\/wp\/v2\/types\/product"}],"wp:featuredmedia":[{"embeddable":true,"href":"https:\/\/estiloromano.smartjoias.com.br\/escolhas\/wp-json\/wp\/v2\/media\/104582"}],"wp:attachment":[{"href":"https:\/\/estiloromano.smartjoias.com.br\/escolhas\/wp-json\/wp\/v2\/media?parent=101565"}],"wp:term":[{"taxonomy":"product_cat","embeddable":true,"href":"https:\/\/estiloromano.smartjoias.com.br\/escolhas\/wp-json\/wp\/v2\/product_cat?post=101565"},{"taxonomy":"product_tag","embeddable":true,"href":"https:\/\/estiloromano.smartjoias.com.br\/escolhas\/wp-json\/wp\/v2\/product_tag?post=101565"}],"curies":[{"name":"wp","href":"https:\/\/api.w.org\/{rel}","templated":true}]}}