{"id":101617,"date":"2024-10-01T13:03:51","date_gmt":"2024-10-01T16:03:51","guid":{"rendered":"https:\/\/estiloromano.smartjoias.com.br\/escolhas\/shop\/sem categoria\/piercing-argolinha-torcao-cravejado-em-aco-4\/"},"modified":"2025-03-20T20:59:25","modified_gmt":"2025-03-20T23:59:25","slug":"piercing-argolinha-torcao-cravejado-em-aco-4","status":"publish","type":"product","link":"https:\/\/estiloromano.smartjoias.com.br\/escolhas\/shop\/sem-categoria\/piercing-argolinha-torcao-cravejado-em-aco-4\/","title":{"rendered":"Piercing Argolinha Tor\u00e7\u00e3o Cravejado em A\u00e7o"},"content":{"rendered":"<p>Piercing Argolinha Tor\u00e7\u00e3o Cravejado em A\u00e7o<\/p>\n","protected":false},"excerpt":{"rendered":"<p>Piercing Argolinha Tor\u00e7\u00e3o Cravejado em A\u00e7o<\/p>\n","protected":false},"featured_media":104538,"template":"","meta":[],"product_cat":[2480],"product_tag":[],"class_list":{"0":"post-101617","1":"product","2":"type-product","3":"status-publish","4":"has-post-thumbnail","6":"product_cat-sem-categoria","8":"first","9":"instock","10":"shipping-taxable","11":"purchasable","12":"product-type-simple"},"fifu_image_url":"https:\/\/orgbling.s3.amazonaws.com\/25e28644d5bc765187a98d9415eab57d\/452208cebd7a500351df041603902fad?AWSAccessKeyId=AKIATCLMSGFX4J7TU445&Expires=1743119838&Signature=uD8YQxAdbKKEPX1To3os28b58sM%3D","_links":{"self":[{"href":"https:\/\/estiloromano.smartjoias.com.br\/escolhas\/wp-json\/wp\/v2\/product\/101617","targetHints":{"allow":["GET"]}}],"collection":[{"href":"https:\/\/estiloromano.smartjoias.com.br\/escolhas\/wp-json\/wp\/v2\/product"}],"about":[{"href":"https:\/\/estiloromano.smartjoias.com.br\/escolhas\/wp-json\/wp\/v2\/types\/product"}],"wp:featuredmedia":[{"embeddable":true,"href":"https:\/\/estiloromano.smartjoias.com.br\/escolhas\/wp-json\/wp\/v2\/media\/104538"}],"wp:attachment":[{"href":"https:\/\/estiloromano.smartjoias.com.br\/escolhas\/wp-json\/wp\/v2\/media?parent=101617"}],"wp:term":[{"taxonomy":"product_cat","embeddable":true,"href":"https:\/\/estiloromano.smartjoias.com.br\/escolhas\/wp-json\/wp\/v2\/product_cat?post=101617"},{"taxonomy":"product_tag","embeddable":true,"href":"https:\/\/estiloromano.smartjoias.com.br\/escolhas\/wp-json\/wp\/v2\/product_tag?post=101617"}],"curies":[{"name":"wp","href":"https:\/\/api.w.org\/{rel}","templated":true}]}}