{"id":101630,"date":"2024-10-01T13:04:48","date_gmt":"2024-10-01T16:04:48","guid":{"rendered":"https:\/\/estiloromano.smartjoias.com.br\/escolhas\/shop\/sem categoria\/mascara-de-cilios-power-volum-bellafemme\/"},"modified":"2025-03-20T20:59:54","modified_gmt":"2025-03-20T23:59:54","slug":"mascara-de-cilios-power-volum-bellafemme","status":"publish","type":"product","link":"https:\/\/estiloromano.smartjoias.com.br\/escolhas\/shop\/sem-categoria\/mascara-de-cilios-power-volum-bellafemme\/","title":{"rendered":"M\u00e1scara de C\u00edlios Power Volum &#8211; BellaFemme"},"content":{"rendered":"<p>M\u00e1scara de C\u00edlios Power Volum &#8211; BellaFemme<\/p>\n","protected":false},"excerpt":{"rendered":"<p>M\u00e1scara de C\u00edlios Power Volum &#8211; BellaFemme<\/p>\n","protected":false},"featured_media":0,"template":"","meta":[],"product_cat":[2480],"product_tag":[],"class_list":{"0":"post-101630","1":"product","2":"type-product","3":"status-publish","5":"product_cat-sem-categoria","7":"first","8":"instock","9":"shipping-taxable","10":"purchasable","11":"product-type-simple"},"_links":{"self":[{"href":"https:\/\/estiloromano.smartjoias.com.br\/escolhas\/wp-json\/wp\/v2\/product\/101630","targetHints":{"allow":["GET"]}}],"collection":[{"href":"https:\/\/estiloromano.smartjoias.com.br\/escolhas\/wp-json\/wp\/v2\/product"}],"about":[{"href":"https:\/\/estiloromano.smartjoias.com.br\/escolhas\/wp-json\/wp\/v2\/types\/product"}],"wp:attachment":[{"href":"https:\/\/estiloromano.smartjoias.com.br\/escolhas\/wp-json\/wp\/v2\/media?parent=101630"}],"wp:term":[{"taxonomy":"product_cat","embeddable":true,"href":"https:\/\/estiloromano.smartjoias.com.br\/escolhas\/wp-json\/wp\/v2\/product_cat?post=101630"},{"taxonomy":"product_tag","embeddable":true,"href":"https:\/\/estiloromano.smartjoias.com.br\/escolhas\/wp-json\/wp\/v2\/product_tag?post=101630"}],"curies":[{"name":"wp","href":"https:\/\/api.w.org\/{rel}","templated":true}]}}