{"id":101631,"date":"2024-10-01T13:04:51","date_gmt":"2024-10-01T16:04:51","guid":{"rendered":"https:\/\/estiloromano.smartjoias.com.br\/escolhas\/shop\/sem categoria\/kit-esponjas-de-maquiagem-com-case-coracao\/"},"modified":"2025-03-20T20:59:56","modified_gmt":"2025-03-20T23:59:56","slug":"kit-esponjas-de-maquiagem-com-case-coracao","status":"publish","type":"product","link":"https:\/\/estiloromano.smartjoias.com.br\/escolhas\/shop\/sem-categoria\/kit-esponjas-de-maquiagem-com-case-coracao\/","title":{"rendered":"Kit Esponjas de Maquiagem com Case Cora\u00e7\u00e3o"},"content":{"rendered":"<p>Kit Esponjas de Maquiagem com Case Cora\u00e7\u00e3o<\/p>\n","protected":false},"excerpt":{"rendered":"<p>Kit Esponjas de Maquiagem com Case Cora\u00e7\u00e3o<\/p>\n","protected":false},"featured_media":0,"template":"","meta":[],"product_cat":[2480],"product_tag":[],"class_list":{"0":"post-101631","1":"product","2":"type-product","3":"status-publish","5":"product_cat-sem-categoria","7":"first","8":"instock","9":"shipping-taxable","10":"purchasable","11":"product-type-simple"},"_links":{"self":[{"href":"https:\/\/estiloromano.smartjoias.com.br\/escolhas\/wp-json\/wp\/v2\/product\/101631","targetHints":{"allow":["GET"]}}],"collection":[{"href":"https:\/\/estiloromano.smartjoias.com.br\/escolhas\/wp-json\/wp\/v2\/product"}],"about":[{"href":"https:\/\/estiloromano.smartjoias.com.br\/escolhas\/wp-json\/wp\/v2\/types\/product"}],"wp:attachment":[{"href":"https:\/\/estiloromano.smartjoias.com.br\/escolhas\/wp-json\/wp\/v2\/media?parent=101631"}],"wp:term":[{"taxonomy":"product_cat","embeddable":true,"href":"https:\/\/estiloromano.smartjoias.com.br\/escolhas\/wp-json\/wp\/v2\/product_cat?post=101631"},{"taxonomy":"product_tag","embeddable":true,"href":"https:\/\/estiloromano.smartjoias.com.br\/escolhas\/wp-json\/wp\/v2\/product_tag?post=101631"}],"curies":[{"name":"wp","href":"https:\/\/api.w.org\/{rel}","templated":true}]}}