{"id":101644,"date":"2024-10-01T13:05:48","date_gmt":"2024-10-01T16:05:48","guid":{"rendered":"https:\/\/estiloromano.smartjoias.com.br\/escolhas\/shop\/sem categoria\/piercing-5-zirconias-grande-aco\/"},"modified":"2025-03-13T00:00:47","modified_gmt":"2025-03-13T03:00:47","slug":"piercing-5-zirconias-grande-aco","status":"publish","type":"product","link":"https:\/\/estiloromano.smartjoias.com.br\/escolhas\/shop\/sem-categoria\/piercing-5-zirconias-grande-aco\/","title":{"rendered":"Piercing 5 Zirc\u00f4nias Grande &#8211; A\u00e7o"},"content":{"rendered":"<p>Piercing 5 Zirc\u00f4nias Grande &#8211; A\u00e7o<\/p>\n","protected":false},"excerpt":{"rendered":"<p>Piercing 5 Zirc\u00f4nias Grande &#8211; A\u00e7o<\/p>\n","protected":false},"featured_media":104540,"template":"","meta":[],"product_cat":[2480],"product_tag":[],"class_list":{"0":"post-101644","1":"product","2":"type-product","3":"status-publish","4":"has-post-thumbnail","6":"product_cat-sem-categoria","8":"first","9":"instock","10":"shipping-taxable","11":"purchasable","12":"product-type-simple"},"fifu_image_url":"https:\/\/orgbling.s3.amazonaws.com\/25e28644d5bc765187a98d9415eab57d\/f22fd5d49e32720de8774c56fd2cd78c?AWSAccessKeyId=AKIATCLMSGFX4J7TU445&Expires=1742439490&Signature=VVAH%2FSCFWJwCy5NcnKzOXgOqxic%3D","_links":{"self":[{"href":"https:\/\/estiloromano.smartjoias.com.br\/escolhas\/wp-json\/wp\/v2\/product\/101644","targetHints":{"allow":["GET"]}}],"collection":[{"href":"https:\/\/estiloromano.smartjoias.com.br\/escolhas\/wp-json\/wp\/v2\/product"}],"about":[{"href":"https:\/\/estiloromano.smartjoias.com.br\/escolhas\/wp-json\/wp\/v2\/types\/product"}],"wp:featuredmedia":[{"embeddable":true,"href":"https:\/\/estiloromano.smartjoias.com.br\/escolhas\/wp-json\/wp\/v2\/media\/104540"}],"wp:attachment":[{"href":"https:\/\/estiloromano.smartjoias.com.br\/escolhas\/wp-json\/wp\/v2\/media?parent=101644"}],"wp:term":[{"taxonomy":"product_cat","embeddable":true,"href":"https:\/\/estiloromano.smartjoias.com.br\/escolhas\/wp-json\/wp\/v2\/product_cat?post=101644"},{"taxonomy":"product_tag","embeddable":true,"href":"https:\/\/estiloromano.smartjoias.com.br\/escolhas\/wp-json\/wp\/v2\/product_tag?post=101644"}],"curies":[{"name":"wp","href":"https:\/\/api.w.org\/{rel}","templated":true}]}}