{"id":101646,"date":"2024-10-01T13:05:55","date_gmt":"2024-10-01T16:05:55","guid":{"rendered":"https:\/\/estiloromano.smartjoias.com.br\/escolhas\/shop\/sem categoria\/piercing-reto-coracao-cravejado-aco\/"},"modified":"2025-03-13T00:00:53","modified_gmt":"2025-03-13T03:00:53","slug":"piercing-reto-coracao-cravejado-aco","status":"publish","type":"product","link":"https:\/\/estiloromano.smartjoias.com.br\/escolhas\/shop\/sem-categoria\/piercing-reto-coracao-cravejado-aco\/","title":{"rendered":"Piercing Reto Cora\u00e7\u00e3o Cravejado &#8211; A\u00e7o"},"content":{"rendered":"<p>Piercing Reto Cora\u00e7\u00e3o Cravejado &#8211; A\u00e7o<\/p>\n","protected":false},"excerpt":{"rendered":"<p>Piercing Reto Cora\u00e7\u00e3o Cravejado &#8211; A\u00e7o<\/p>\n","protected":false},"featured_media":104542,"template":"","meta":[],"product_cat":[2480],"product_tag":[],"class_list":{"0":"post-101646","1":"product","2":"type-product","3":"status-publish","4":"has-post-thumbnail","6":"product_cat-sem-categoria","8":"first","9":"instock","10":"shipping-taxable","11":"purchasable","12":"product-type-simple"},"fifu_image_url":"https:\/\/orgbling.s3.amazonaws.com\/25e28644d5bc765187a98d9415eab57d\/1b52e6bf49cc1ec5c67d540dc88cec58?AWSAccessKeyId=AKIATCLMSGFX4J7TU445&Expires=1742439490&Signature=KrA6g5PsTiG%2B93MZDgIqlqjvyBE%3D","_links":{"self":[{"href":"https:\/\/estiloromano.smartjoias.com.br\/escolhas\/wp-json\/wp\/v2\/product\/101646","targetHints":{"allow":["GET"]}}],"collection":[{"href":"https:\/\/estiloromano.smartjoias.com.br\/escolhas\/wp-json\/wp\/v2\/product"}],"about":[{"href":"https:\/\/estiloromano.smartjoias.com.br\/escolhas\/wp-json\/wp\/v2\/types\/product"}],"wp:featuredmedia":[{"embeddable":true,"href":"https:\/\/estiloromano.smartjoias.com.br\/escolhas\/wp-json\/wp\/v2\/media\/104542"}],"wp:attachment":[{"href":"https:\/\/estiloromano.smartjoias.com.br\/escolhas\/wp-json\/wp\/v2\/media?parent=101646"}],"wp:term":[{"taxonomy":"product_cat","embeddable":true,"href":"https:\/\/estiloromano.smartjoias.com.br\/escolhas\/wp-json\/wp\/v2\/product_cat?post=101646"},{"taxonomy":"product_tag","embeddable":true,"href":"https:\/\/estiloromano.smartjoias.com.br\/escolhas\/wp-json\/wp\/v2\/product_tag?post=101646"}],"curies":[{"name":"wp","href":"https:\/\/api.w.org\/{rel}","templated":true}]}}