{"id":101724,"date":"2024-10-01T13:11:13","date_gmt":"2024-10-01T16:11:13","guid":{"rendered":"https:\/\/estiloromano.smartjoias.com.br\/escolhas\/shop\/sem categoria\/gargantilha-de-coracoes-chapeados-45cm-banhado-a-prata-2\/"},"modified":"2025-03-13T00:04:03","modified_gmt":"2025-03-13T03:04:03","slug":"gargantilha-de-coracoes-chapeados-45cm-banhado-a-prata-2","status":"publish","type":"product","link":"https:\/\/estiloromano.smartjoias.com.br\/escolhas\/shop\/sem-categoria\/gargantilha-de-coracoes-chapeados-45cm-banhado-a-prata-2\/","title":{"rendered":"Gargantilha de Cora\u00e7\u00f5es Chapeados 45cm &#8211; Banhado a Prata"},"content":{"rendered":"<p>Gargantilha de Cora\u00e7\u00f5es Chapeados 45cm &#8211; Banhado a Prata<\/p>\n","protected":false},"excerpt":{"rendered":"<p>Gargantilha de Cora\u00e7\u00f5es Chapeados 45cm &#8211; Banhado a Prata<\/p>\n","protected":false},"featured_media":106880,"template":"","meta":[],"product_cat":[2480],"product_tag":[],"class_list":{"0":"post-101724","1":"product","2":"type-product","3":"status-publish","4":"has-post-thumbnail","6":"product_cat-sem-categoria","8":"first","9":"instock","10":"shipping-taxable","11":"purchasable","12":"product-type-simple"},"fifu_image_url":"https:\/\/orgbling.s3.amazonaws.com\/25e28644d5bc765187a98d9415eab57d\/36698894a22ff1fbe9644ccb6e42ec46?AWSAccessKeyId=AKIATCLMSGFX4J7TU445&Expires=1742439730&Signature=sv6V378onCamrF11PXIk8KLV0jc%3D","_links":{"self":[{"href":"https:\/\/estiloromano.smartjoias.com.br\/escolhas\/wp-json\/wp\/v2\/product\/101724","targetHints":{"allow":["GET"]}}],"collection":[{"href":"https:\/\/estiloromano.smartjoias.com.br\/escolhas\/wp-json\/wp\/v2\/product"}],"about":[{"href":"https:\/\/estiloromano.smartjoias.com.br\/escolhas\/wp-json\/wp\/v2\/types\/product"}],"wp:featuredmedia":[{"embeddable":true,"href":"https:\/\/estiloromano.smartjoias.com.br\/escolhas\/wp-json\/wp\/v2\/media\/106880"}],"wp:attachment":[{"href":"https:\/\/estiloromano.smartjoias.com.br\/escolhas\/wp-json\/wp\/v2\/media?parent=101724"}],"wp:term":[{"taxonomy":"product_cat","embeddable":true,"href":"https:\/\/estiloromano.smartjoias.com.br\/escolhas\/wp-json\/wp\/v2\/product_cat?post=101724"},{"taxonomy":"product_tag","embeddable":true,"href":"https:\/\/estiloromano.smartjoias.com.br\/escolhas\/wp-json\/wp\/v2\/product_tag?post=101724"}],"curies":[{"name":"wp","href":"https:\/\/api.w.org\/{rel}","templated":true}]}}