{"id":101729,"date":"2024-10-01T13:11:36","date_gmt":"2024-10-01T16:11:36","guid":{"rendered":"https:\/\/estiloromano.smartjoias.com.br\/escolhas\/shop\/sem categoria\/pulseira-elos-coracoes-com-coracoes-pendentes-banhado-a-prata\/"},"modified":"2025-03-13T00:04:14","modified_gmt":"2025-03-13T03:04:14","slug":"pulseira-elos-coracoes-com-coracoes-pendentes-banhado-a-prata","status":"publish","type":"product","link":"https:\/\/estiloromano.smartjoias.com.br\/escolhas\/shop\/sem-categoria\/pulseira-elos-coracoes-com-coracoes-pendentes-banhado-a-prata\/","title":{"rendered":"Pulseira Elos Cora\u00e7\u00f5es com Cora\u00e7\u00f5es Pendentes &#8211; Banhado a Prata"},"content":{"rendered":"<p>Pulseira Elos Cora\u00e7\u00f5es com Cora\u00e7\u00f5es Pendentes &#8211; Banhado a Prata<\/p>\n","protected":false},"excerpt":{"rendered":"<p>Pulseira Elos Cora\u00e7\u00f5es com Cora\u00e7\u00f5es Pendentes &#8211; Banhado a Prata<\/p>\n","protected":false},"featured_media":104889,"template":"","meta":[],"product_cat":[2480],"product_tag":[],"class_list":{"0":"post-101729","1":"product","2":"type-product","3":"status-publish","4":"has-post-thumbnail","6":"product_cat-sem-categoria","8":"first","9":"instock","10":"shipping-taxable","11":"purchasable","12":"product-type-simple"},"fifu_image_url":"https:\/\/orgbling.s3.amazonaws.com\/25e28644d5bc765187a98d9415eab57d\/aab7470911d31cb7d8a42f0bf690bdca?AWSAccessKeyId=AKIATCLMSGFX4J7TU445&Expires=1742439730&Signature=bi7ANXyS9PhDYoNdcCv7yk4nD34%3D","_links":{"self":[{"href":"https:\/\/estiloromano.smartjoias.com.br\/escolhas\/wp-json\/wp\/v2\/product\/101729","targetHints":{"allow":["GET"]}}],"collection":[{"href":"https:\/\/estiloromano.smartjoias.com.br\/escolhas\/wp-json\/wp\/v2\/product"}],"about":[{"href":"https:\/\/estiloromano.smartjoias.com.br\/escolhas\/wp-json\/wp\/v2\/types\/product"}],"wp:featuredmedia":[{"embeddable":true,"href":"https:\/\/estiloromano.smartjoias.com.br\/escolhas\/wp-json\/wp\/v2\/media\/104889"}],"wp:attachment":[{"href":"https:\/\/estiloromano.smartjoias.com.br\/escolhas\/wp-json\/wp\/v2\/media?parent=101729"}],"wp:term":[{"taxonomy":"product_cat","embeddable":true,"href":"https:\/\/estiloromano.smartjoias.com.br\/escolhas\/wp-json\/wp\/v2\/product_cat?post=101729"},{"taxonomy":"product_tag","embeddable":true,"href":"https:\/\/estiloromano.smartjoias.com.br\/escolhas\/wp-json\/wp\/v2\/product_tag?post=101729"}],"curies":[{"name":"wp","href":"https:\/\/api.w.org\/{rel}","templated":true}]}}