{"id":102550,"date":"2024-10-02T23:18:16","date_gmt":"2024-10-03T02:18:16","guid":{"rendered":"https:\/\/estiloromano.smartjoias.com.br\/escolhas\/shop\/sem categoria\/piercing-umbigo-coracao-cravejado-em-aco-2\/"},"modified":"2025-03-24T20:59:12","modified_gmt":"2025-03-24T23:59:12","slug":"piercing-umbigo-coracao-cravejado-em-aco-2","status":"publish","type":"product","link":"https:\/\/estiloromano.smartjoias.com.br\/escolhas\/shop\/sem-categoria\/piercing-umbigo-coracao-cravejado-em-aco-2\/","title":{"rendered":"Piercing Umbigo Cora\u00e7\u00e3o Cravejado em A\u00e7o"},"content":{"rendered":"<p>Piercing Umbigo Cora\u00e7\u00e3o Cravejado em A\u00e7o<\/p>\n","protected":false},"excerpt":{"rendered":"<p>Piercing Umbigo Cora\u00e7\u00e3o Cravejado em A\u00e7o<\/p>\n","protected":false},"featured_media":104574,"template":"","meta":[],"product_cat":[2480],"product_tag":[],"class_list":{"0":"post-102550","1":"product","2":"type-product","3":"status-publish","4":"has-post-thumbnail","6":"product_cat-sem-categoria","8":"first","9":"instock","10":"shipping-taxable","11":"purchasable","12":"product-type-simple"},"fifu_image_url":"https:\/\/orgbling.s3.amazonaws.com\/25e28644d5bc765187a98d9415eab57d\/b82503b45cb059ca0fe14f61250e5396?AWSAccessKeyId=AKIATCLMSGFX4J7TU445&Expires=1743465490&Signature=LuRm2pA7PWQZqQ6O0SZ%2BU5gfQsM%3D","_links":{"self":[{"href":"https:\/\/estiloromano.smartjoias.com.br\/escolhas\/wp-json\/wp\/v2\/product\/102550","targetHints":{"allow":["GET"]}}],"collection":[{"href":"https:\/\/estiloromano.smartjoias.com.br\/escolhas\/wp-json\/wp\/v2\/product"}],"about":[{"href":"https:\/\/estiloromano.smartjoias.com.br\/escolhas\/wp-json\/wp\/v2\/types\/product"}],"wp:featuredmedia":[{"embeddable":true,"href":"https:\/\/estiloromano.smartjoias.com.br\/escolhas\/wp-json\/wp\/v2\/media\/104574"}],"wp:attachment":[{"href":"https:\/\/estiloromano.smartjoias.com.br\/escolhas\/wp-json\/wp\/v2\/media?parent=102550"}],"wp:term":[{"taxonomy":"product_cat","embeddable":true,"href":"https:\/\/estiloromano.smartjoias.com.br\/escolhas\/wp-json\/wp\/v2\/product_cat?post=102550"},{"taxonomy":"product_tag","embeddable":true,"href":"https:\/\/estiloromano.smartjoias.com.br\/escolhas\/wp-json\/wp\/v2\/product_tag?post=102550"}],"curies":[{"name":"wp","href":"https:\/\/api.w.org\/{rel}","templated":true}]}}