{"id":102551,"date":"2024-10-02T23:18:34","date_gmt":"2024-10-03T02:18:34","guid":{"rendered":"https:\/\/estiloromano.smartjoias.com.br\/escolhas\/shop\/sem categoria\/colar-nossa-senhora-coracao-cravejado-banhado-a-prata\/"},"modified":"2025-03-24T20:59:14","modified_gmt":"2025-03-24T23:59:14","slug":"colar-nossa-senhora-coracao-cravejado-banhado-a-prata","status":"publish","type":"product","link":"https:\/\/estiloromano.smartjoias.com.br\/escolhas\/shop\/sem-categoria\/colar-nossa-senhora-coracao-cravejado-banhado-a-prata\/","title":{"rendered":"Colar Nossa Senhora Cora\u00e7\u00e3o Cravejado &#8211; Banhado a Prata"},"content":{"rendered":"<p>Colar Nossa Senhora Cora\u00e7\u00e3o Cravejado &#8211; Banhado a Prata<\/p>\n","protected":false},"excerpt":{"rendered":"<p>Colar Nossa Senhora Cora\u00e7\u00e3o Cravejado &#8211; Banhado a Prata<\/p>\n","protected":false},"featured_media":106871,"template":"","meta":[],"product_cat":[2480],"product_tag":[],"class_list":{"0":"post-102551","1":"product","2":"type-product","3":"status-publish","4":"has-post-thumbnail","6":"product_cat-sem-categoria","8":"first","9":"instock","10":"shipping-taxable","11":"purchasable","12":"product-type-simple"},"fifu_image_url":"https:\/\/orgbling.s3.amazonaws.com\/25e28644d5bc765187a98d9415eab57d\/225dff21bd5825eda7625c57bbca8b63?AWSAccessKeyId=AKIATCLMSGFX4J7TU445&Expires=1743465490&Signature=KrHaaWkCrXWd8e1uLgB5T3b2wro%3D","_links":{"self":[{"href":"https:\/\/estiloromano.smartjoias.com.br\/escolhas\/wp-json\/wp\/v2\/product\/102551","targetHints":{"allow":["GET"]}}],"collection":[{"href":"https:\/\/estiloromano.smartjoias.com.br\/escolhas\/wp-json\/wp\/v2\/product"}],"about":[{"href":"https:\/\/estiloromano.smartjoias.com.br\/escolhas\/wp-json\/wp\/v2\/types\/product"}],"wp:featuredmedia":[{"embeddable":true,"href":"https:\/\/estiloromano.smartjoias.com.br\/escolhas\/wp-json\/wp\/v2\/media\/106871"}],"wp:attachment":[{"href":"https:\/\/estiloromano.smartjoias.com.br\/escolhas\/wp-json\/wp\/v2\/media?parent=102551"}],"wp:term":[{"taxonomy":"product_cat","embeddable":true,"href":"https:\/\/estiloromano.smartjoias.com.br\/escolhas\/wp-json\/wp\/v2\/product_cat?post=102551"},{"taxonomy":"product_tag","embeddable":true,"href":"https:\/\/estiloromano.smartjoias.com.br\/escolhas\/wp-json\/wp\/v2\/product_tag?post=102551"}],"curies":[{"name":"wp","href":"https:\/\/api.w.org\/{rel}","templated":true}]}}