{"id":103163,"date":"2024-10-07T12:09:00","date_gmt":"2024-10-07T15:09:00","guid":{"rendered":"https:\/\/estiloromano.smartjoias.com.br\/escolhas\/shop\/sem categoria\/piercing-argola-coracao-em-aco-lado-direito-2\/"},"modified":"2025-03-24T20:58:53","modified_gmt":"2025-03-24T23:58:53","slug":"piercing-argola-coracao-em-aco-lado-direito-2","status":"publish","type":"product","link":"https:\/\/estiloromano.smartjoias.com.br\/escolhas\/shop\/sem-categoria\/piercing-argola-coracao-em-aco-lado-direito-2\/","title":{"rendered":"Piercing Argola Cora\u00e7\u00e3o em A\u00e7o (Lado Direito)"},"content":{"rendered":"<p>Piercing Argola Cora\u00e7\u00e3o em A\u00e7o (Lado Direito)<\/p>\n","protected":false},"excerpt":{"rendered":"<p>Piercing Argola Cora\u00e7\u00e3o em A\u00e7o (Lado Direito)<\/p>\n","protected":false},"featured_media":104536,"template":"","meta":[],"product_cat":[2480],"product_tag":[],"class_list":{"0":"post-103163","1":"product","2":"type-product","3":"status-publish","4":"has-post-thumbnail","6":"product_cat-sem-categoria","8":"first","9":"instock","10":"shipping-taxable","11":"purchasable","12":"product-type-simple"},"fifu_image_url":"https:\/\/orgbling.s3.amazonaws.com\/25e28644d5bc765187a98d9415eab57d\/00a51caef41104ae4694c295185b8de0?AWSAccessKeyId=AKIATCLMSGFX4J7TU445&Expires=1743465490&Signature=3yVmfaCRpkTQvBXfWvNrRd6vfe4%3D","_links":{"self":[{"href":"https:\/\/estiloromano.smartjoias.com.br\/escolhas\/wp-json\/wp\/v2\/product\/103163","targetHints":{"allow":["GET"]}}],"collection":[{"href":"https:\/\/estiloromano.smartjoias.com.br\/escolhas\/wp-json\/wp\/v2\/product"}],"about":[{"href":"https:\/\/estiloromano.smartjoias.com.br\/escolhas\/wp-json\/wp\/v2\/types\/product"}],"wp:featuredmedia":[{"embeddable":true,"href":"https:\/\/estiloromano.smartjoias.com.br\/escolhas\/wp-json\/wp\/v2\/media\/104536"}],"wp:attachment":[{"href":"https:\/\/estiloromano.smartjoias.com.br\/escolhas\/wp-json\/wp\/v2\/media?parent=103163"}],"wp:term":[{"taxonomy":"product_cat","embeddable":true,"href":"https:\/\/estiloromano.smartjoias.com.br\/escolhas\/wp-json\/wp\/v2\/product_cat?post=103163"},{"taxonomy":"product_tag","embeddable":true,"href":"https:\/\/estiloromano.smartjoias.com.br\/escolhas\/wp-json\/wp\/v2\/product_tag?post=103163"}],"curies":[{"name":"wp","href":"https:\/\/api.w.org\/{rel}","templated":true}]}}