{"id":104271,"date":"2024-10-11T16:07:22","date_gmt":"2024-10-11T19:07:22","guid":{"rendered":"https:\/\/estiloromano.smartjoias.com.br\/escolhas\/shop\/sem categoria\/brinco-gota-perola-medio-banhado-a-ouro\/"},"modified":"2025-03-24T20:57:02","modified_gmt":"2025-03-24T23:57:02","slug":"brinco-gota-perola-medio-banhado-a-ouro","status":"publish","type":"product","link":"https:\/\/estiloromano.smartjoias.com.br\/escolhas\/shop\/sem-categoria\/brinco-gota-perola-medio-banhado-a-ouro\/","title":{"rendered":"Brinco Gota P\u00e9rola M\u00e9dio Banhado a Ouro"},"content":{"rendered":"<p>Brinco Gota P\u00e9rola M\u00e9dio Banhado a Ouro<\/p>\n","protected":false},"excerpt":{"rendered":"<p>Brinco Gota P\u00e9rola M\u00e9dio Banhado a Ouro<\/p>\n","protected":false},"featured_media":106853,"template":"","meta":[],"product_cat":[2480],"product_tag":[],"class_list":{"0":"post-104271","1":"product","2":"type-product","3":"status-publish","4":"has-post-thumbnail","6":"product_cat-sem-categoria","8":"first","9":"instock","10":"shipping-taxable","11":"purchasable","12":"product-type-simple"},"fifu_image_url":"https:\/\/orgbling.s3.amazonaws.com\/25e28644d5bc765187a98d9415eab57d\/c267d3b4fe3a2bd2928731a3b35e805e?AWSAccessKeyId=AKIATCLMSGFX4J7TU445&Expires=1743465238&Signature=9V31wBb2R5YNufkfqnkmGF%2BTLSg%3D","_links":{"self":[{"href":"https:\/\/estiloromano.smartjoias.com.br\/escolhas\/wp-json\/wp\/v2\/product\/104271","targetHints":{"allow":["GET"]}}],"collection":[{"href":"https:\/\/estiloromano.smartjoias.com.br\/escolhas\/wp-json\/wp\/v2\/product"}],"about":[{"href":"https:\/\/estiloromano.smartjoias.com.br\/escolhas\/wp-json\/wp\/v2\/types\/product"}],"wp:featuredmedia":[{"embeddable":true,"href":"https:\/\/estiloromano.smartjoias.com.br\/escolhas\/wp-json\/wp\/v2\/media\/106853"}],"wp:attachment":[{"href":"https:\/\/estiloromano.smartjoias.com.br\/escolhas\/wp-json\/wp\/v2\/media?parent=104271"}],"wp:term":[{"taxonomy":"product_cat","embeddable":true,"href":"https:\/\/estiloromano.smartjoias.com.br\/escolhas\/wp-json\/wp\/v2\/product_cat?post=104271"},{"taxonomy":"product_tag","embeddable":true,"href":"https:\/\/estiloromano.smartjoias.com.br\/escolhas\/wp-json\/wp\/v2\/product_tag?post=104271"}],"curies":[{"name":"wp","href":"https:\/\/api.w.org\/{rel}","templated":true}]}}