{"id":104533,"date":"2024-10-16T12:43:48","date_gmt":"2024-10-16T15:43:48","guid":{"rendered":"https:\/\/estiloromano.smartjoias.com.br\/escolhas\/shop\/sem categoria\/pulseira-cristais-naturais-hematita-e-coracao-banhado-a-ouro\/"},"modified":"2025-03-24T20:55:09","modified_gmt":"2025-03-24T23:55:09","slug":"pulseira-cristais-naturais-hematita-e-coracao-banhado-a-ouro","status":"publish","type":"product","link":"https:\/\/estiloromano.smartjoias.com.br\/escolhas\/shop\/sem-categoria\/pulseira-cristais-naturais-hematita-e-coracao-banhado-a-ouro\/","title":{"rendered":"Pulseira Cristais Naturais Hematita e Cora\u00e7\u00e3o Banhado a Ouro"},"content":{"rendered":"<p>Pulseira Cristais Naturais Hematita e Cora\u00e7\u00e3o Banhado a Ouro<\/p>\n","protected":false},"excerpt":{"rendered":"<p>Pulseira Cristais Naturais Hematita e Cora\u00e7\u00e3o Banhado a Ouro<\/p>\n","protected":false},"featured_media":104834,"template":"","meta":[],"product_cat":[2480],"product_tag":[],"class_list":{"0":"post-104533","1":"product","2":"type-product","3":"status-publish","4":"has-post-thumbnail","6":"product_cat-sem-categoria","8":"first","9":"instock","10":"shipping-taxable","11":"purchasable","12":"product-type-simple"},"fifu_image_url":"https:\/\/orgbling.s3.amazonaws.com\/25e28644d5bc765187a98d9415eab57d\/90920e68b2cc90074a87a22e610a57b3?AWSAccessKeyId=AKIATCLMSGFX4J7TU445&Expires=1743465238&Signature=Er8g00y%2FsoUXud0g4OcEPmBCJ8o%3D","_links":{"self":[{"href":"https:\/\/estiloromano.smartjoias.com.br\/escolhas\/wp-json\/wp\/v2\/product\/104533","targetHints":{"allow":["GET"]}}],"collection":[{"href":"https:\/\/estiloromano.smartjoias.com.br\/escolhas\/wp-json\/wp\/v2\/product"}],"about":[{"href":"https:\/\/estiloromano.smartjoias.com.br\/escolhas\/wp-json\/wp\/v2\/types\/product"}],"wp:featuredmedia":[{"embeddable":true,"href":"https:\/\/estiloromano.smartjoias.com.br\/escolhas\/wp-json\/wp\/v2\/media\/104834"}],"wp:attachment":[{"href":"https:\/\/estiloromano.smartjoias.com.br\/escolhas\/wp-json\/wp\/v2\/media?parent=104533"}],"wp:term":[{"taxonomy":"product_cat","embeddable":true,"href":"https:\/\/estiloromano.smartjoias.com.br\/escolhas\/wp-json\/wp\/v2\/product_cat?post=104533"},{"taxonomy":"product_tag","embeddable":true,"href":"https:\/\/estiloromano.smartjoias.com.br\/escolhas\/wp-json\/wp\/v2\/product_tag?post=104533"}],"curies":[{"name":"wp","href":"https:\/\/api.w.org\/{rel}","templated":true}]}}