{"id":104649,"date":"2024-10-29T16:20:15","date_gmt":"2024-10-29T19:20:15","guid":{"rendered":"https:\/\/estiloromano.smartjoias.com.br\/escolhas\/shop\/sem categoria\/pulseira-perolas-com-coracaozinho-banhada-a-rodio-branco-2\/"},"modified":"2025-02-20T23:41:29","modified_gmt":"2025-02-21T02:41:29","slug":"pulseira-perolas-com-coracaozinho-banhada-a-rodio-branco-2","status":"publish","type":"product","link":"https:\/\/estiloromano.smartjoias.com.br\/escolhas\/shop\/sem-categoria\/pulseira-perolas-com-coracaozinho-banhada-a-rodio-branco-2\/","title":{"rendered":"Pulseira P\u00e9rolas com Cora\u00e7\u00e3ozinho Banhada a R\u00f3dio Branco"},"content":{"rendered":"<p>Pulseira P\u00e9rolas com Cora\u00e7\u00e3ozinho Banhada a R\u00f3dio Branco<\/p>\n","protected":false},"excerpt":{"rendered":"<p>Pulseira P\u00e9rolas com Cora\u00e7\u00e3ozinho Banhada a R\u00f3dio Branco<\/p>\n","protected":false},"featured_media":104651,"template":"","meta":[],"product_cat":[2480],"product_tag":[],"class_list":{"0":"post-104649","1":"product","2":"type-product","3":"status-publish","4":"has-post-thumbnail","6":"product_cat-sem-categoria","8":"first","9":"instock","10":"shipping-taxable","11":"purchasable","12":"product-type-simple"},"fifu_image_url":"https:\/\/orgbling.s3.amazonaws.com\/25e28644d5bc765187a98d9415eab57d\/9875a8fe4113a107a474da37ddacc984?AWSAccessKeyId=AKIATCLMSGFX4J7TU445&Expires=1740710378&Signature=WT6KXON2bxzOr2ah%2F%2FJPvT0%2BUf4%3D","_links":{"self":[{"href":"https:\/\/estiloromano.smartjoias.com.br\/escolhas\/wp-json\/wp\/v2\/product\/104649","targetHints":{"allow":["GET"]}}],"collection":[{"href":"https:\/\/estiloromano.smartjoias.com.br\/escolhas\/wp-json\/wp\/v2\/product"}],"about":[{"href":"https:\/\/estiloromano.smartjoias.com.br\/escolhas\/wp-json\/wp\/v2\/types\/product"}],"wp:featuredmedia":[{"embeddable":true,"href":"https:\/\/estiloromano.smartjoias.com.br\/escolhas\/wp-json\/wp\/v2\/media\/104651"}],"wp:attachment":[{"href":"https:\/\/estiloromano.smartjoias.com.br\/escolhas\/wp-json\/wp\/v2\/media?parent=104649"}],"wp:term":[{"taxonomy":"product_cat","embeddable":true,"href":"https:\/\/estiloromano.smartjoias.com.br\/escolhas\/wp-json\/wp\/v2\/product_cat?post=104649"},{"taxonomy":"product_tag","embeddable":true,"href":"https:\/\/estiloromano.smartjoias.com.br\/escolhas\/wp-json\/wp\/v2\/product_tag?post=104649"}],"curies":[{"name":"wp","href":"https:\/\/api.w.org\/{rel}","templated":true}]}}