{"id":104661,"date":"2024-10-29T16:20:27","date_gmt":"2024-10-29T19:20:27","guid":{"rendered":"https:\/\/estiloromano.smartjoias.com.br\/escolhas\/shop\/sem categoria\/pulseira-elos-coracoes-com-perola-banhada-a-ouro-2\/"},"modified":"2025-02-21T23:18:19","modified_gmt":"2025-02-22T02:18:19","slug":"pulseira-elos-coracoes-com-perola-banhada-a-ouro-2","status":"publish","type":"product","link":"https:\/\/estiloromano.smartjoias.com.br\/escolhas\/shop\/sem-categoria\/pulseira-elos-coracoes-com-perola-banhada-a-ouro-2\/","title":{"rendered":"Pulseira Elos Cora\u00e7\u00f5es com P\u00e9rola Banhada a Ouro"},"content":{"rendered":"<p>Pulseira Elos Cora\u00e7\u00f5es com P\u00e9rola Banhada a Ouro<\/p>\n","protected":false},"excerpt":{"rendered":"<p>Pulseira Elos Cora\u00e7\u00f5es com P\u00e9rola Banhada a Ouro<\/p>\n","protected":false},"featured_media":104663,"template":"","meta":[],"product_cat":[2480],"product_tag":[],"class_list":{"0":"post-104661","1":"product","2":"type-product","3":"status-publish","4":"has-post-thumbnail","6":"product_cat-sem-categoria","8":"first","9":"instock","10":"shipping-taxable","11":"purchasable","12":"product-type-simple"},"fifu_image_url":"https:\/\/orgbling.s3.amazonaws.com\/25e28644d5bc765187a98d9415eab57d\/c12e897af974e30e35e6b295c816cef6?AWSAccessKeyId=AKIATCLMSGFX4J7TU445&Expires=1740795303&Signature=i46xQ7jyBUQPeVzz6g7IhAVxfAs%3D","_links":{"self":[{"href":"https:\/\/estiloromano.smartjoias.com.br\/escolhas\/wp-json\/wp\/v2\/product\/104661","targetHints":{"allow":["GET"]}}],"collection":[{"href":"https:\/\/estiloromano.smartjoias.com.br\/escolhas\/wp-json\/wp\/v2\/product"}],"about":[{"href":"https:\/\/estiloromano.smartjoias.com.br\/escolhas\/wp-json\/wp\/v2\/types\/product"}],"wp:featuredmedia":[{"embeddable":true,"href":"https:\/\/estiloromano.smartjoias.com.br\/escolhas\/wp-json\/wp\/v2\/media\/104663"}],"wp:attachment":[{"href":"https:\/\/estiloromano.smartjoias.com.br\/escolhas\/wp-json\/wp\/v2\/media?parent=104661"}],"wp:term":[{"taxonomy":"product_cat","embeddable":true,"href":"https:\/\/estiloromano.smartjoias.com.br\/escolhas\/wp-json\/wp\/v2\/product_cat?post=104661"},{"taxonomy":"product_tag","embeddable":true,"href":"https:\/\/estiloromano.smartjoias.com.br\/escolhas\/wp-json\/wp\/v2\/product_tag?post=104661"}],"curies":[{"name":"wp","href":"https:\/\/api.w.org\/{rel}","templated":true}]}}