{"id":104741,"date":"2024-10-29T16:21:45","date_gmt":"2024-10-29T19:21:45","guid":{"rendered":"https:\/\/estiloromano.smartjoias.com.br\/escolhas\/shop\/sem categoria\/kit-brincos-coracao-e-flores-banhado-a-ouro-2\/"},"modified":"2025-03-24T20:53:48","modified_gmt":"2025-03-24T23:53:48","slug":"kit-brincos-coracao-e-flores-banhado-a-ouro-2","status":"publish","type":"product","link":"https:\/\/estiloromano.smartjoias.com.br\/escolhas\/shop\/sem-categoria\/kit-brincos-coracao-e-flores-banhado-a-ouro-2\/","title":{"rendered":"Kit Brincos Cora\u00e7\u00e3o e Flores &#8211; Banhado a Ouro"},"content":{"rendered":"<p>Kit Brincos Cora\u00e7\u00e3o e Flores &#8211; Banhado a Ouro<\/p>\n","protected":false},"excerpt":{"rendered":"<p>Kit Brincos Cora\u00e7\u00e3o e Flores &#8211; Banhado a Ouro<\/p>\n","protected":false},"featured_media":104743,"template":"","meta":[],"product_cat":[2480],"product_tag":[],"class_list":{"0":"post-104741","1":"product","2":"type-product","3":"status-publish","4":"has-post-thumbnail","6":"product_cat-sem-categoria","8":"first","9":"instock","10":"shipping-taxable","11":"purchasable","12":"product-type-simple"},"fifu_image_url":"https:\/\/orgbling.s3.amazonaws.com\/25e28644d5bc765187a98d9415eab57d\/5df435a214f57c10b3cf87c8dd310fa8?AWSAccessKeyId=AKIATCLMSGFX4J7TU445&Expires=1743464993&Signature=XCTUDoBcwSS7Y7FBdzAwL3LIjms%3D","_links":{"self":[{"href":"https:\/\/estiloromano.smartjoias.com.br\/escolhas\/wp-json\/wp\/v2\/product\/104741","targetHints":{"allow":["GET"]}}],"collection":[{"href":"https:\/\/estiloromano.smartjoias.com.br\/escolhas\/wp-json\/wp\/v2\/product"}],"about":[{"href":"https:\/\/estiloromano.smartjoias.com.br\/escolhas\/wp-json\/wp\/v2\/types\/product"}],"wp:featuredmedia":[{"embeddable":true,"href":"https:\/\/estiloromano.smartjoias.com.br\/escolhas\/wp-json\/wp\/v2\/media\/104743"}],"wp:attachment":[{"href":"https:\/\/estiloromano.smartjoias.com.br\/escolhas\/wp-json\/wp\/v2\/media?parent=104741"}],"wp:term":[{"taxonomy":"product_cat","embeddable":true,"href":"https:\/\/estiloromano.smartjoias.com.br\/escolhas\/wp-json\/wp\/v2\/product_cat?post=104741"},{"taxonomy":"product_tag","embeddable":true,"href":"https:\/\/estiloromano.smartjoias.com.br\/escolhas\/wp-json\/wp\/v2\/product_tag?post=104741"}],"curies":[{"name":"wp","href":"https:\/\/api.w.org\/{rel}","templated":true}]}}