{"id":104745,"date":"2024-10-29T16:21:49","date_gmt":"2024-10-29T19:21:49","guid":{"rendered":"https:\/\/estiloromano.smartjoias.com.br\/escolhas\/shop\/sem categoria\/kit-brincos-trio-ponto-de-luz-coracao-e-flor-banhado-a-ouro-2\/"},"modified":"2025-02-22T23:34:53","modified_gmt":"2025-02-23T02:34:53","slug":"kit-brincos-trio-ponto-de-luz-coracao-e-flor-banhado-a-ouro-2","status":"publish","type":"product","link":"https:\/\/estiloromano.smartjoias.com.br\/escolhas\/shop\/sem-categoria\/kit-brincos-trio-ponto-de-luz-coracao-e-flor-banhado-a-ouro-2\/","title":{"rendered":"Kit Brincos Trio Ponto de Luz, Cora\u00e7\u00e3o e Flor &#8211; Banhado a Ouro"},"content":{"rendered":"<p>Kit Brincos Trio Ponto de Luz, Cora\u00e7\u00e3o e Flor &#8211; Banhado a Ouro<\/p>\n","protected":false},"excerpt":{"rendered":"<p>Kit Brincos Trio Ponto de Luz, Cora\u00e7\u00e3o e Flor &#8211; Banhado a Ouro<\/p>\n","protected":false},"featured_media":104747,"template":"","meta":[],"product_cat":[2480],"product_tag":[],"class_list":{"0":"post-104745","1":"product","2":"type-product","3":"status-publish","4":"has-post-thumbnail","6":"product_cat-sem-categoria","8":"first","9":"instock","10":"shipping-taxable","11":"purchasable","12":"product-type-simple"},"fifu_image_url":"https:\/\/orgbling.s3.amazonaws.com\/25e28644d5bc765187a98d9415eab57d\/e5d578a702466b0520184b7cffbdfaf2?AWSAccessKeyId=AKIATCLMSGFX4J7TU445&Expires=1740882860&Signature=GW4L%2BwafiitawCSY8bbH0zcpREY%3D","_links":{"self":[{"href":"https:\/\/estiloromano.smartjoias.com.br\/escolhas\/wp-json\/wp\/v2\/product\/104745","targetHints":{"allow":["GET"]}}],"collection":[{"href":"https:\/\/estiloromano.smartjoias.com.br\/escolhas\/wp-json\/wp\/v2\/product"}],"about":[{"href":"https:\/\/estiloromano.smartjoias.com.br\/escolhas\/wp-json\/wp\/v2\/types\/product"}],"wp:featuredmedia":[{"embeddable":true,"href":"https:\/\/estiloromano.smartjoias.com.br\/escolhas\/wp-json\/wp\/v2\/media\/104747"}],"wp:attachment":[{"href":"https:\/\/estiloromano.smartjoias.com.br\/escolhas\/wp-json\/wp\/v2\/media?parent=104745"}],"wp:term":[{"taxonomy":"product_cat","embeddable":true,"href":"https:\/\/estiloromano.smartjoias.com.br\/escolhas\/wp-json\/wp\/v2\/product_cat?post=104745"},{"taxonomy":"product_tag","embeddable":true,"href":"https:\/\/estiloromano.smartjoias.com.br\/escolhas\/wp-json\/wp\/v2\/product_tag?post=104745"}],"curies":[{"name":"wp","href":"https:\/\/api.w.org\/{rel}","templated":true}]}}