{"id":104832,"date":"2024-10-29T16:23:17","date_gmt":"2024-10-29T19:23:17","guid":{"rendered":"https:\/\/estiloromano.smartjoias.com.br\/escolhas\/shop\/sem categoria\/brinco-coracao-liso-4mm-banhado-a-prata\/"},"modified":"2025-03-24T20:54:54","modified_gmt":"2025-03-24T23:54:54","slug":"brinco-coracao-liso-4mm-banhado-a-prata","status":"publish","type":"product","link":"https:\/\/estiloromano.smartjoias.com.br\/escolhas\/shop\/sem-categoria\/brinco-coracao-liso-4mm-banhado-a-prata\/","title":{"rendered":"Brinco Cora\u00e7\u00e3o Liso 4mm &#8211; Banhado a Prata"},"content":{"rendered":"<p>Brinco Cora\u00e7\u00e3o Liso 4mm &#8211; Banhado a Prata<\/p>\n","protected":false},"excerpt":{"rendered":"<p>Brinco Cora\u00e7\u00e3o Liso 4mm &#8211; Banhado a Prata<\/p>\n","protected":false},"featured_media":104833,"template":"","meta":[],"product_cat":[2480],"product_tag":[],"class_list":{"0":"post-104832","1":"product","2":"type-product","3":"status-publish","4":"has-post-thumbnail","6":"product_cat-sem-categoria","8":"first","9":"instock","10":"shipping-taxable","11":"purchasable","12":"product-type-simple"},"fifu_image_url":"https:\/\/orgbling.s3.amazonaws.com\/25e28644d5bc765187a98d9415eab57d\/8c66ecc2147cca500683a190814ef4f3?AWSAccessKeyId=AKIATCLMSGFX4J7TU445&Expires=1743465238&Signature=GNSsP0AaNOLX7jvuIUWTDQcZQgU%3D","_links":{"self":[{"href":"https:\/\/estiloromano.smartjoias.com.br\/escolhas\/wp-json\/wp\/v2\/product\/104832","targetHints":{"allow":["GET"]}}],"collection":[{"href":"https:\/\/estiloromano.smartjoias.com.br\/escolhas\/wp-json\/wp\/v2\/product"}],"about":[{"href":"https:\/\/estiloromano.smartjoias.com.br\/escolhas\/wp-json\/wp\/v2\/types\/product"}],"wp:featuredmedia":[{"embeddable":true,"href":"https:\/\/estiloromano.smartjoias.com.br\/escolhas\/wp-json\/wp\/v2\/media\/104833"}],"wp:attachment":[{"href":"https:\/\/estiloromano.smartjoias.com.br\/escolhas\/wp-json\/wp\/v2\/media?parent=104832"}],"wp:term":[{"taxonomy":"product_cat","embeddable":true,"href":"https:\/\/estiloromano.smartjoias.com.br\/escolhas\/wp-json\/wp\/v2\/product_cat?post=104832"},{"taxonomy":"product_tag","embeddable":true,"href":"https:\/\/estiloromano.smartjoias.com.br\/escolhas\/wp-json\/wp\/v2\/product_tag?post=104832"}],"curies":[{"name":"wp","href":"https:\/\/api.w.org\/{rel}","templated":true}]}}