{"id":104918,"date":"2024-11-12T13:00:21","date_gmt":"2024-11-12T16:00:21","guid":{"rendered":"https:\/\/estiloromano.smartjoias.com.br\/escolhas\/shop\/sem categoria\/piercing-reto-2-zirconias-aco-banhado-a-ouro-2\/"},"modified":"2025-03-24T20:51:23","modified_gmt":"2025-03-24T23:51:23","slug":"piercing-reto-2-zirconias-aco-banhado-a-ouro-2","status":"publish","type":"product","link":"https:\/\/estiloromano.smartjoias.com.br\/escolhas\/shop\/sem-categoria\/piercing-reto-2-zirconias-aco-banhado-a-ouro-2\/","title":{"rendered":"Piercing Reto 2 Zirc\u00f4nias &#8211; A\u00e7o Banhado a Ouro"},"content":{"rendered":"<p>Piercing Reto 2 Zirc\u00f4nias &#8211; A\u00e7o Banhado a Ouro<\/p>\n","protected":false},"excerpt":{"rendered":"<p>Piercing Reto 2 Zirc\u00f4nias &#8211; A\u00e7o Banhado a Ouro<\/p>\n","protected":false},"featured_media":104919,"template":"","meta":[],"product_cat":[2480],"product_tag":[],"class_list":{"0":"post-104918","1":"product","2":"type-product","3":"status-publish","4":"has-post-thumbnail","6":"product_cat-sem-categoria","8":"first","9":"instock","10":"shipping-taxable","11":"purchasable","12":"product-type-simple"},"fifu_image_url":"https:\/\/orgbling.s3.amazonaws.com\/25e28644d5bc765187a98d9415eab57d\/c9daa989c295bb9795e77a9575c8e5ec?AWSAccessKeyId=AKIATCLMSGFX4J7TU445&Expires=1743464993&Signature=hbF%2FIOH1hv0HKVOuR92EmdhTbZw%3D","_links":{"self":[{"href":"https:\/\/estiloromano.smartjoias.com.br\/escolhas\/wp-json\/wp\/v2\/product\/104918","targetHints":{"allow":["GET"]}}],"collection":[{"href":"https:\/\/estiloromano.smartjoias.com.br\/escolhas\/wp-json\/wp\/v2\/product"}],"about":[{"href":"https:\/\/estiloromano.smartjoias.com.br\/escolhas\/wp-json\/wp\/v2\/types\/product"}],"wp:featuredmedia":[{"embeddable":true,"href":"https:\/\/estiloromano.smartjoias.com.br\/escolhas\/wp-json\/wp\/v2\/media\/104919"}],"wp:attachment":[{"href":"https:\/\/estiloromano.smartjoias.com.br\/escolhas\/wp-json\/wp\/v2\/media?parent=104918"}],"wp:term":[{"taxonomy":"product_cat","embeddable":true,"href":"https:\/\/estiloromano.smartjoias.com.br\/escolhas\/wp-json\/wp\/v2\/product_cat?post=104918"},{"taxonomy":"product_tag","embeddable":true,"href":"https:\/\/estiloromano.smartjoias.com.br\/escolhas\/wp-json\/wp\/v2\/product_tag?post=104918"}],"curies":[{"name":"wp","href":"https:\/\/api.w.org\/{rel}","templated":true}]}}