{"id":104953,"date":"2024-11-18T11:00:36","date_gmt":"2024-11-18T14:00:36","guid":{"rendered":"https:\/\/estiloromano.smartjoias.com.br\/escolhas\/shop\/uncategorized\/colar-coracao-vazado-cravejado-banhado-a-ouro\/"},"modified":"2025-03-24T20:51:16","modified_gmt":"2025-03-24T23:51:16","slug":"colar-coracao-vazado-cravejado-banhado-a-ouro","status":"publish","type":"product","link":"https:\/\/estiloromano.smartjoias.com.br\/escolhas\/shop\/sem-categoria\/colar-coracao-vazado-cravejado-banhado-a-ouro\/","title":{"rendered":"Colar Cora\u00e7\u00e3o Vazado Cravejado Banhado a Ouro"},"content":{"rendered":"<p>Colar Cora\u00e7\u00e3o Vazado Cravejado &#8211; Banhado a Ouro<\/p>\n","protected":false},"excerpt":{"rendered":"<p>Colar Cora\u00e7\u00e3o Vazado Cravejado &#8211; Banhado a Ouro<\/p>\n","protected":false},"featured_media":106618,"template":"","meta":[],"product_cat":[2480],"product_tag":[],"class_list":{"0":"post-104953","1":"product","2":"type-product","3":"status-publish","4":"has-post-thumbnail","6":"product_cat-sem-categoria","8":"first","9":"instock","10":"shipping-taxable","11":"purchasable","12":"product-type-simple"},"fifu_image_url":"https:\/\/orgbling.s3.amazonaws.com\/25e28644d5bc765187a98d9415eab57d\/50e247e5baf664f8b071d7b3b428295c?AWSAccessKeyId=AKIATCLMSGFX4J7TU445&Expires=1743464993&Signature=GQnfyiejqu5OYx70cpav24jXFjI%3D","_links":{"self":[{"href":"https:\/\/estiloromano.smartjoias.com.br\/escolhas\/wp-json\/wp\/v2\/product\/104953","targetHints":{"allow":["GET"]}}],"collection":[{"href":"https:\/\/estiloromano.smartjoias.com.br\/escolhas\/wp-json\/wp\/v2\/product"}],"about":[{"href":"https:\/\/estiloromano.smartjoias.com.br\/escolhas\/wp-json\/wp\/v2\/types\/product"}],"wp:featuredmedia":[{"embeddable":true,"href":"https:\/\/estiloromano.smartjoias.com.br\/escolhas\/wp-json\/wp\/v2\/media\/106618"}],"wp:attachment":[{"href":"https:\/\/estiloromano.smartjoias.com.br\/escolhas\/wp-json\/wp\/v2\/media?parent=104953"}],"wp:term":[{"taxonomy":"product_cat","embeddable":true,"href":"https:\/\/estiloromano.smartjoias.com.br\/escolhas\/wp-json\/wp\/v2\/product_cat?post=104953"},{"taxonomy":"product_tag","embeddable":true,"href":"https:\/\/estiloromano.smartjoias.com.br\/escolhas\/wp-json\/wp\/v2\/product_tag?post=104953"}],"curies":[{"name":"wp","href":"https:\/\/api.w.org\/{rel}","templated":true}]}}