{"id":104959,"date":"2024-11-26T10:54:37","date_gmt":"2024-11-26T13:54:37","guid":{"rendered":"https:\/\/estiloromano.smartjoias.com.br\/escolhas\/shop\/uncategorized\/colar-coracao-cravejado-com-zirconias-cristais-banhado-a-ouro\/"},"modified":"2025-03-24T20:49:36","modified_gmt":"2025-03-24T23:49:36","slug":"colar-coracao-cravejado-com-zirconias-cristais-banhado-a-ouro","status":"publish","type":"product","link":"https:\/\/estiloromano.smartjoias.com.br\/escolhas\/shop\/sem-categoria\/colar-coracao-cravejado-com-zirconias-cristais-banhado-a-ouro\/","title":{"rendered":"Colar Cora\u00e7\u00e3o Cravejado com Zirc\u00f4nias Cristais &#8211; Banhado a Ouro"},"content":{"rendered":"<p>Colar Cora\u00e7\u00e3o Cravejado com Zirc\u00f4nias Cristais &#8211; Banhado a Ouro<\/p>\n","protected":false},"excerpt":{"rendered":"<p>Colar Cora\u00e7\u00e3o Cravejado com Zirc\u00f4nias Cristais &#8211; Banhado a Ouro<\/p>\n","protected":false},"featured_media":106608,"template":"","meta":[],"product_cat":[2480],"product_tag":[],"class_list":{"0":"post-104959","1":"product","2":"type-product","3":"status-publish","4":"has-post-thumbnail","6":"product_cat-sem-categoria","8":"first","9":"instock","10":"shipping-taxable","11":"purchasable","12":"product-type-simple"},"fifu_image_url":"https:\/\/orgbling.s3.amazonaws.com\/25e28644d5bc765187a98d9415eab57d\/c513a99c10d02e5acde6ab7c10775fa2?AWSAccessKeyId=AKIATCLMSGFX4J7TU445&Expires=1743464767&Signature=ZQlxCifD09AbLqwyIcOQ%2FiatEdQ%3D","_links":{"self":[{"href":"https:\/\/estiloromano.smartjoias.com.br\/escolhas\/wp-json\/wp\/v2\/product\/104959","targetHints":{"allow":["GET"]}}],"collection":[{"href":"https:\/\/estiloromano.smartjoias.com.br\/escolhas\/wp-json\/wp\/v2\/product"}],"about":[{"href":"https:\/\/estiloromano.smartjoias.com.br\/escolhas\/wp-json\/wp\/v2\/types\/product"}],"wp:featuredmedia":[{"embeddable":true,"href":"https:\/\/estiloromano.smartjoias.com.br\/escolhas\/wp-json\/wp\/v2\/media\/106608"}],"wp:attachment":[{"href":"https:\/\/estiloromano.smartjoias.com.br\/escolhas\/wp-json\/wp\/v2\/media?parent=104959"}],"wp:term":[{"taxonomy":"product_cat","embeddable":true,"href":"https:\/\/estiloromano.smartjoias.com.br\/escolhas\/wp-json\/wp\/v2\/product_cat?post=104959"},{"taxonomy":"product_tag","embeddable":true,"href":"https:\/\/estiloromano.smartjoias.com.br\/escolhas\/wp-json\/wp\/v2\/product_tag?post=104959"}],"curies":[{"name":"wp","href":"https:\/\/api.w.org\/{rel}","templated":true}]}}