{"id":104988,"date":"2024-11-26T10:56:08","date_gmt":"2024-11-26T13:56:08","guid":{"rendered":"https:\/\/estiloromano.smartjoias.com.br\/escolhas\/shop\/uncategorized\/pulseira-elos-coracoes-com-perola-banhada-a-prata\/"},"modified":"2025-03-24T20:50:44","modified_gmt":"2025-03-24T23:50:44","slug":"pulseira-elos-coracoes-com-perola-banhada-a-prata","status":"publish","type":"product","link":"https:\/\/estiloromano.smartjoias.com.br\/escolhas\/shop\/sem-categoria\/pulseira-elos-coracoes-com-perola-banhada-a-prata\/","title":{"rendered":"Pulseira Elos Cora\u00e7\u00f5es com P\u00e9rola &#8211; Banhada a Prata"},"content":{"rendered":"<p>Pulseira Elos Cora\u00e7\u00f5es com P\u00e9rola &#8211; Banhada a Prata<\/p>\n","protected":false},"excerpt":{"rendered":"<p>Pulseira Elos Cora\u00e7\u00f5es com P\u00e9rola &#8211; Banhada a Prata<\/p>\n","protected":false},"featured_media":106941,"template":"","meta":[],"product_cat":[2480],"product_tag":[],"class_list":{"0":"post-104988","1":"product","2":"type-product","3":"status-publish","4":"has-post-thumbnail","6":"product_cat-sem-categoria","8":"first","9":"instock","10":"shipping-taxable","11":"purchasable","12":"product-type-simple"},"fifu_image_url":"https:\/\/orgbling.s3.amazonaws.com\/25e28644d5bc765187a98d9415eab57d\/cd3a1f06789ab2732ffb7aad24a4a62b?AWSAccessKeyId=AKIATCLMSGFX4J7TU445&Expires=1743464993&Signature=TyoROa%2FVIVEWWx3WEjNi5E4%2BTgQ%3D","_links":{"self":[{"href":"https:\/\/estiloromano.smartjoias.com.br\/escolhas\/wp-json\/wp\/v2\/product\/104988","targetHints":{"allow":["GET"]}}],"collection":[{"href":"https:\/\/estiloromano.smartjoias.com.br\/escolhas\/wp-json\/wp\/v2\/product"}],"about":[{"href":"https:\/\/estiloromano.smartjoias.com.br\/escolhas\/wp-json\/wp\/v2\/types\/product"}],"wp:featuredmedia":[{"embeddable":true,"href":"https:\/\/estiloromano.smartjoias.com.br\/escolhas\/wp-json\/wp\/v2\/media\/106941"}],"wp:attachment":[{"href":"https:\/\/estiloromano.smartjoias.com.br\/escolhas\/wp-json\/wp\/v2\/media?parent=104988"}],"wp:term":[{"taxonomy":"product_cat","embeddable":true,"href":"https:\/\/estiloromano.smartjoias.com.br\/escolhas\/wp-json\/wp\/v2\/product_cat?post=104988"},{"taxonomy":"product_tag","embeddable":true,"href":"https:\/\/estiloromano.smartjoias.com.br\/escolhas\/wp-json\/wp\/v2\/product_tag?post=104988"}],"curies":[{"name":"wp","href":"https:\/\/api.w.org\/{rel}","templated":true}]}}