{"id":104989,"date":"2024-11-26T10:56:11","date_gmt":"2024-11-26T13:56:11","guid":{"rendered":"https:\/\/estiloromano.smartjoias.com.br\/escolhas\/shop\/uncategorized\/pulseira-coracaozinho-perola-banhada-a-prata\/"},"modified":"2025-03-24T20:50:47","modified_gmt":"2025-03-24T23:50:47","slug":"pulseira-coracaozinho-perola-banhada-a-prata","status":"publish","type":"product","link":"https:\/\/estiloromano.smartjoias.com.br\/escolhas\/shop\/sem-categoria\/pulseira-coracaozinho-perola-banhada-a-prata\/","title":{"rendered":"Pulseira Cora\u00e7\u00e3ozinho P\u00e9rola &#8211; Banhada a Prata"},"content":{"rendered":"<p>Pulseira Cora\u00e7\u00e3ozinho P\u00e9rola &#8211; Banhada a Prata<\/p>\n","protected":false},"excerpt":{"rendered":"<p>Pulseira Cora\u00e7\u00e3ozinho P\u00e9rola &#8211; Banhada a Prata<\/p>\n","protected":false},"featured_media":106942,"template":"","meta":[],"product_cat":[2480],"product_tag":[],"class_list":{"0":"post-104989","1":"product","2":"type-product","3":"status-publish","4":"has-post-thumbnail","6":"product_cat-sem-categoria","8":"first","9":"instock","10":"shipping-taxable","11":"purchasable","12":"product-type-simple"},"fifu_image_url":"https:\/\/orgbling.s3.amazonaws.com\/25e28644d5bc765187a98d9415eab57d\/4b1b322e2b956c70562d6a25cfaebe1b?AWSAccessKeyId=AKIATCLMSGFX4J7TU445&Expires=1743464993&Signature=MaVAfpnhWP%2Fl%2FjdRYz007DhohQc%3D","_links":{"self":[{"href":"https:\/\/estiloromano.smartjoias.com.br\/escolhas\/wp-json\/wp\/v2\/product\/104989","targetHints":{"allow":["GET"]}}],"collection":[{"href":"https:\/\/estiloromano.smartjoias.com.br\/escolhas\/wp-json\/wp\/v2\/product"}],"about":[{"href":"https:\/\/estiloromano.smartjoias.com.br\/escolhas\/wp-json\/wp\/v2\/types\/product"}],"wp:featuredmedia":[{"embeddable":true,"href":"https:\/\/estiloromano.smartjoias.com.br\/escolhas\/wp-json\/wp\/v2\/media\/106942"}],"wp:attachment":[{"href":"https:\/\/estiloromano.smartjoias.com.br\/escolhas\/wp-json\/wp\/v2\/media?parent=104989"}],"wp:term":[{"taxonomy":"product_cat","embeddable":true,"href":"https:\/\/estiloromano.smartjoias.com.br\/escolhas\/wp-json\/wp\/v2\/product_cat?post=104989"},{"taxonomy":"product_tag","embeddable":true,"href":"https:\/\/estiloromano.smartjoias.com.br\/escolhas\/wp-json\/wp\/v2\/product_tag?post=104989"}],"curies":[{"name":"wp","href":"https:\/\/api.w.org\/{rel}","templated":true}]}}