{"id":105030,"date":"2024-11-29T16:10:19","date_gmt":"2024-11-29T19:10:19","guid":{"rendered":"https:\/\/estiloromano.smartjoias.com.br\/escolhas\/shop\/uncategorized\/anel-solitario-coracao-roxo-com-microzirconias-banhado-a-ouro-tamanho19\/"},"modified":"2025-03-24T20:29:30","modified_gmt":"2025-03-24T23:29:30","slug":"anel-solitario-coracao-roxo-com-microzirconias-banhado-a-ouro-tamanho19","status":"publish","type":"product","link":"https:\/\/estiloromano.smartjoias.com.br\/escolhas\/shop\/sem-categoria\/anel-solitario-coracao-roxo-com-microzirconias-banhado-a-ouro-tamanho19\/","title":{"rendered":"Anel Solit\u00e1rio Cora\u00e7\u00e3o Roxo com Microzirc\u00f4nias &#8211; Banhado a Ouro Tamanho:19"},"content":{"rendered":"<p>Anel Solit\u00e1rio Cora\u00e7\u00e3o Roxo com Microzirc\u00f4nias &#8211; Banhado a Ouro Tamanho:19<\/p>\n","protected":false},"excerpt":{"rendered":"<p>Anel Solit\u00e1rio Cora\u00e7\u00e3o Roxo com Microzirc\u00f4nias &#8211; Banhado a Ouro Tamanho:19<\/p>\n","protected":false},"featured_media":106063,"template":"","meta":[],"product_cat":[2480],"product_tag":[],"class_list":{"0":"post-105030","1":"product","2":"type-product","3":"status-publish","4":"has-post-thumbnail","6":"product_cat-sem-categoria","8":"first","9":"instock","10":"shipping-taxable","11":"purchasable","12":"product-type-simple"},"fifu_image_url":"https:\/\/orgbling.s3.amazonaws.com\/25e28644d5bc765187a98d9415eab57d\/19fafb5e91f3ba03112cdb1fa1a0511a?AWSAccessKeyId=AKIATCLMSGFX4J7TU445&Expires=1743463556&Signature=TaAlrJrnM%2FtDZLR6OuVEy5C4P6c%3D","_links":{"self":[{"href":"https:\/\/estiloromano.smartjoias.com.br\/escolhas\/wp-json\/wp\/v2\/product\/105030","targetHints":{"allow":["GET"]}}],"collection":[{"href":"https:\/\/estiloromano.smartjoias.com.br\/escolhas\/wp-json\/wp\/v2\/product"}],"about":[{"href":"https:\/\/estiloromano.smartjoias.com.br\/escolhas\/wp-json\/wp\/v2\/types\/product"}],"wp:featuredmedia":[{"embeddable":true,"href":"https:\/\/estiloromano.smartjoias.com.br\/escolhas\/wp-json\/wp\/v2\/media\/106063"}],"wp:attachment":[{"href":"https:\/\/estiloromano.smartjoias.com.br\/escolhas\/wp-json\/wp\/v2\/media?parent=105030"}],"wp:term":[{"taxonomy":"product_cat","embeddable":true,"href":"https:\/\/estiloromano.smartjoias.com.br\/escolhas\/wp-json\/wp\/v2\/product_cat?post=105030"},{"taxonomy":"product_tag","embeddable":true,"href":"https:\/\/estiloromano.smartjoias.com.br\/escolhas\/wp-json\/wp\/v2\/product_tag?post=105030"}],"curies":[{"name":"wp","href":"https:\/\/api.w.org\/{rel}","templated":true}]}}