{"id":105210,"date":"2024-11-29T16:19:02","date_gmt":"2024-11-29T19:19:02","guid":{"rendered":"https:\/\/estiloromano.smartjoias.com.br\/escolhas\/shop\/uncategorized\/anel-liso-pingentes-sao-bento-com-coracao-banhado-a-ouro-tamanho18\/"},"modified":"2025-03-24T20:36:39","modified_gmt":"2025-03-24T23:36:39","slug":"anel-liso-pingentes-sao-bento-com-coracao-banhado-a-ouro-tamanho18","status":"publish","type":"product","link":"https:\/\/estiloromano.smartjoias.com.br\/escolhas\/shop\/sem-categoria\/anel-liso-pingentes-sao-bento-com-coracao-banhado-a-ouro-tamanho18\/","title":{"rendered":"Anel Liso Pingentes S\u00e3o Bento com Cora\u00e7\u00e3o &#8211; Banhado a Ouro Tamanho:18"},"content":{"rendered":"<p>Anel Liso Pingentes S\u00e3o Bento com Cora\u00e7\u00e3o &#8211; Banhado a Ouro Tamanho:18<\/p>\n","protected":false},"excerpt":{"rendered":"<p>Anel Liso Pingentes S\u00e3o Bento com Cora\u00e7\u00e3o &#8211; Banhado a Ouro Tamanho:18<\/p>\n","protected":false},"featured_media":106243,"template":"","meta":[],"product_cat":[2480],"product_tag":[],"class_list":{"0":"post-105210","1":"product","2":"type-product","3":"status-publish","4":"has-post-thumbnail","6":"product_cat-sem-categoria","8":"first","9":"instock","10":"shipping-taxable","11":"purchasable","12":"product-type-simple"},"fifu_image_url":"https:\/\/orgbling.s3.amazonaws.com\/25e28644d5bc765187a98d9415eab57d\/46e567f84b093964651554af3789ebe6?AWSAccessKeyId=AKIATCLMSGFX4J7TU445&Expires=1743464047&Signature=jp2AY4ZFfes%2BHyfFwemYAzx6Et0%3D","_links":{"self":[{"href":"https:\/\/estiloromano.smartjoias.com.br\/escolhas\/wp-json\/wp\/v2\/product\/105210","targetHints":{"allow":["GET"]}}],"collection":[{"href":"https:\/\/estiloromano.smartjoias.com.br\/escolhas\/wp-json\/wp\/v2\/product"}],"about":[{"href":"https:\/\/estiloromano.smartjoias.com.br\/escolhas\/wp-json\/wp\/v2\/types\/product"}],"wp:featuredmedia":[{"embeddable":true,"href":"https:\/\/estiloromano.smartjoias.com.br\/escolhas\/wp-json\/wp\/v2\/media\/106243"}],"wp:attachment":[{"href":"https:\/\/estiloromano.smartjoias.com.br\/escolhas\/wp-json\/wp\/v2\/media?parent=105210"}],"wp:term":[{"taxonomy":"product_cat","embeddable":true,"href":"https:\/\/estiloromano.smartjoias.com.br\/escolhas\/wp-json\/wp\/v2\/product_cat?post=105210"},{"taxonomy":"product_tag","embeddable":true,"href":"https:\/\/estiloromano.smartjoias.com.br\/escolhas\/wp-json\/wp\/v2\/product_tag?post=105210"}],"curies":[{"name":"wp","href":"https:\/\/api.w.org\/{rel}","templated":true}]}}