{"id":105270,"date":"2024-11-29T16:21:53","date_gmt":"2024-11-29T19:21:53","guid":{"rendered":"https:\/\/estiloromano.smartjoias.com.br\/escolhas\/shop\/uncategorized\/anel-regulavel-quadrado-cravejado-com-coracoes-banhado-a-rodio-branco-tamanho18\/"},"modified":"2025-03-24T20:38:55","modified_gmt":"2025-03-24T23:38:55","slug":"anel-regulavel-quadrado-cravejado-com-coracoes-banhado-a-rodio-branco-tamanho18","status":"publish","type":"product","link":"https:\/\/estiloromano.smartjoias.com.br\/escolhas\/shop\/sem-categoria\/anel-regulavel-quadrado-cravejado-com-coracoes-banhado-a-rodio-branco-tamanho18\/","title":{"rendered":"Anel Regul\u00e1vel Quadrado Cravejado com Cora\u00e7\u00f5es &#8211; Banhado a R\u00f3dio Branco Tamanho:18"},"content":{"rendered":"<p>Anel Regul\u00e1vel Quadrado Cravejado com Cora\u00e7\u00f5es &#8211; Banhado a R\u00f3dio Branco Tamanho:18<\/p>\n","protected":false},"excerpt":{"rendered":"<p>Anel Regul\u00e1vel Quadrado Cravejado com Cora\u00e7\u00f5es &#8211; Banhado a R\u00f3dio Branco Tamanho:18<\/p>\n","protected":false},"featured_media":106303,"template":"","meta":[],"product_cat":[2480],"product_tag":[],"class_list":{"0":"post-105270","1":"product","2":"type-product","3":"status-publish","4":"has-post-thumbnail","6":"product_cat-sem-categoria","8":"first","9":"instock","10":"shipping-taxable","11":"purchasable","12":"product-type-simple"},"fifu_image_url":"https:\/\/orgbling.s3.amazonaws.com\/25e28644d5bc765187a98d9415eab57d\/fdb80c2339884d5cda4427ffb61881de?AWSAccessKeyId=AKIATCLMSGFX4J7TU445&Expires=1743464276&Signature=k7D4aQ1bIF9Ixv7nJq49GafrXCw%3D","_links":{"self":[{"href":"https:\/\/estiloromano.smartjoias.com.br\/escolhas\/wp-json\/wp\/v2\/product\/105270","targetHints":{"allow":["GET"]}}],"collection":[{"href":"https:\/\/estiloromano.smartjoias.com.br\/escolhas\/wp-json\/wp\/v2\/product"}],"about":[{"href":"https:\/\/estiloromano.smartjoias.com.br\/escolhas\/wp-json\/wp\/v2\/types\/product"}],"wp:featuredmedia":[{"embeddable":true,"href":"https:\/\/estiloromano.smartjoias.com.br\/escolhas\/wp-json\/wp\/v2\/media\/106303"}],"wp:attachment":[{"href":"https:\/\/estiloromano.smartjoias.com.br\/escolhas\/wp-json\/wp\/v2\/media?parent=105270"}],"wp:term":[{"taxonomy":"product_cat","embeddable":true,"href":"https:\/\/estiloromano.smartjoias.com.br\/escolhas\/wp-json\/wp\/v2\/product_cat?post=105270"},{"taxonomy":"product_tag","embeddable":true,"href":"https:\/\/estiloromano.smartjoias.com.br\/escolhas\/wp-json\/wp\/v2\/product_tag?post=105270"}],"curies":[{"name":"wp","href":"https:\/\/api.w.org\/{rel}","templated":true}]}}