{"id":105416,"date":"2024-11-29T16:29:31","date_gmt":"2024-11-29T19:29:31","guid":{"rendered":"https:\/\/estiloromano.smartjoias.com.br\/escolhas\/shop\/uncategorized\/anel-regulavel-coracao-liso-banhado-a-ouro-tamanho14\/"},"modified":"2025-03-24T20:44:56","modified_gmt":"2025-03-24T23:44:56","slug":"anel-regulavel-coracao-liso-banhado-a-ouro-tamanho14","status":"publish","type":"product","link":"https:\/\/estiloromano.smartjoias.com.br\/escolhas\/shop\/sem-categoria\/anel-regulavel-coracao-liso-banhado-a-ouro-tamanho14\/","title":{"rendered":"Anel Regul\u00e1vel Cora\u00e7\u00e3o Liso &#8211; Banhado a Ouro Tamanho:14"},"content":{"rendered":"<p>Anel Regul\u00e1vel Cora\u00e7\u00e3o Liso &#8211; Banhado a Ouro Tamanho:14<\/p>\n","protected":false},"excerpt":{"rendered":"<p>Anel Regul\u00e1vel Cora\u00e7\u00e3o Liso &#8211; Banhado a Ouro Tamanho:14<\/p>\n","protected":false},"featured_media":106348,"template":"","meta":[],"product_cat":[2480],"product_tag":[],"class_list":{"0":"post-105416","1":"product","2":"type-product","3":"status-publish","4":"has-post-thumbnail","6":"product_cat-sem-categoria","8":"first","9":"instock","10":"shipping-taxable","11":"purchasable","12":"product-type-simple"},"fifu_image_url":"https:\/\/orgbling.s3.amazonaws.com\/25e28644d5bc765187a98d9415eab57d\/e362a96df79f41e5a910bdfb4ac8cd99?AWSAccessKeyId=AKIATCLMSGFX4J7TU445&Expires=1743464516&Signature=1f6CAi7nfohvxdyIhmRWZmkK81I%3D","_links":{"self":[{"href":"https:\/\/estiloromano.smartjoias.com.br\/escolhas\/wp-json\/wp\/v2\/product\/105416","targetHints":{"allow":["GET"]}}],"collection":[{"href":"https:\/\/estiloromano.smartjoias.com.br\/escolhas\/wp-json\/wp\/v2\/product"}],"about":[{"href":"https:\/\/estiloromano.smartjoias.com.br\/escolhas\/wp-json\/wp\/v2\/types\/product"}],"wp:featuredmedia":[{"embeddable":true,"href":"https:\/\/estiloromano.smartjoias.com.br\/escolhas\/wp-json\/wp\/v2\/media\/106348"}],"wp:attachment":[{"href":"https:\/\/estiloromano.smartjoias.com.br\/escolhas\/wp-json\/wp\/v2\/media?parent=105416"}],"wp:term":[{"taxonomy":"product_cat","embeddable":true,"href":"https:\/\/estiloromano.smartjoias.com.br\/escolhas\/wp-json\/wp\/v2\/product_cat?post=105416"},{"taxonomy":"product_tag","embeddable":true,"href":"https:\/\/estiloromano.smartjoias.com.br\/escolhas\/wp-json\/wp\/v2\/product_tag?post=105416"}],"curies":[{"name":"wp","href":"https:\/\/api.w.org\/{rel}","templated":true}]}}