{"id":105532,"date":"2024-12-04T14:15:37","date_gmt":"2024-12-04T17:15:37","guid":{"rendered":"https:\/\/estiloromano.smartjoias.com.br\/escolhas\/shop\/uncategorized\/colar-coracao-love-banhado-a-ouro\/"},"modified":"2025-03-24T20:16:18","modified_gmt":"2025-03-24T23:16:18","slug":"colar-coracao-love-banhado-a-ouro","status":"publish","type":"product","link":"https:\/\/estiloromano.smartjoias.com.br\/escolhas\/shop\/sem-categoria\/colar-coracao-love-banhado-a-ouro\/","title":{"rendered":"Colar Cora\u00e7\u00e3o Love &#8211; Banhado a Ouro"},"content":{"rendered":"<p>Colar Cora\u00e7\u00e3o Love &#8211; Banhado a Ouro<\/p>\n","protected":false},"excerpt":{"rendered":"<p>Colar Cora\u00e7\u00e3o Love &#8211; Banhado a Ouro<\/p>\n","protected":false},"featured_media":106709,"template":"","meta":[],"product_cat":[2480],"product_tag":[],"class_list":{"0":"post-105532","1":"product","2":"type-product","3":"status-publish","4":"has-post-thumbnail","6":"product_cat-sem-categoria","8":"first","9":"instock","10":"shipping-taxable","11":"purchasable","12":"product-type-simple"},"fifu_image_url":"https:\/\/orgbling.s3.amazonaws.com\/25e28644d5bc765187a98d9415eab57d\/e38edc9d3a526f959297ecb4665734cc?AWSAccessKeyId=AKIATCLMSGFX4J7TU445&Expires=1743462815&Signature=JIMh26talZm4ctHeDdO8w8YjFIU%3D","_links":{"self":[{"href":"https:\/\/estiloromano.smartjoias.com.br\/escolhas\/wp-json\/wp\/v2\/product\/105532","targetHints":{"allow":["GET"]}}],"collection":[{"href":"https:\/\/estiloromano.smartjoias.com.br\/escolhas\/wp-json\/wp\/v2\/product"}],"about":[{"href":"https:\/\/estiloromano.smartjoias.com.br\/escolhas\/wp-json\/wp\/v2\/types\/product"}],"wp:featuredmedia":[{"embeddable":true,"href":"https:\/\/estiloromano.smartjoias.com.br\/escolhas\/wp-json\/wp\/v2\/media\/106709"}],"wp:attachment":[{"href":"https:\/\/estiloromano.smartjoias.com.br\/escolhas\/wp-json\/wp\/v2\/media?parent=105532"}],"wp:term":[{"taxonomy":"product_cat","embeddable":true,"href":"https:\/\/estiloromano.smartjoias.com.br\/escolhas\/wp-json\/wp\/v2\/product_cat?post=105532"},{"taxonomy":"product_tag","embeddable":true,"href":"https:\/\/estiloromano.smartjoias.com.br\/escolhas\/wp-json\/wp\/v2\/product_tag?post=105532"}],"curies":[{"name":"wp","href":"https:\/\/api.w.org\/{rel}","templated":true}]}}