{"id":105549,"date":"2024-12-04T14:16:32","date_gmt":"2024-12-04T17:16:32","guid":{"rendered":"https:\/\/estiloromano.smartjoias.com.br\/escolhas\/shop\/uncategorized\/colar-arvore-da-vida-cravejada-cristal-banhado-a-rodio-branco\/"},"modified":"2025-03-24T20:17:00","modified_gmt":"2025-03-24T23:17:00","slug":"colar-arvore-da-vida-cravejada-cristal-banhado-a-rodio-branco","status":"publish","type":"product","link":"https:\/\/estiloromano.smartjoias.com.br\/escolhas\/shop\/sem-categoria\/colar-arvore-da-vida-cravejada-cristal-banhado-a-rodio-branco\/","title":{"rendered":"Colar \u00c1rvore da Vida Cravejada Cristal &#8211; Banhado a R\u00f3dio Branco"},"content":{"rendered":"<p>Colar \u00c1rvore da Vida Cravejada Cristal &#8211; Banhado a R\u00f3dio Branco<\/p>\n","protected":false},"excerpt":{"rendered":"<p>Colar \u00c1rvore da Vida Cravejada Cristal &#8211; Banhado a R\u00f3dio Branco<\/p>\n","protected":false},"featured_media":106813,"template":"","meta":[],"product_cat":[2480],"product_tag":[],"class_list":{"0":"post-105549","1":"product","2":"type-product","3":"status-publish","4":"has-post-thumbnail","6":"product_cat-sem-categoria","8":"first","9":"instock","10":"shipping-taxable","11":"purchasable","12":"product-type-simple"},"fifu_image_url":"https:\/\/orgbling.s3.amazonaws.com\/25e28644d5bc765187a98d9415eab57d\/1c521277a509950235cb9eed4650d87e?AWSAccessKeyId=AKIATCLMSGFX4J7TU445&Expires=1743462815&Signature=512yqe1z5yfdZ2bhj7FGgmu5raY%3D","_links":{"self":[{"href":"https:\/\/estiloromano.smartjoias.com.br\/escolhas\/wp-json\/wp\/v2\/product\/105549","targetHints":{"allow":["GET"]}}],"collection":[{"href":"https:\/\/estiloromano.smartjoias.com.br\/escolhas\/wp-json\/wp\/v2\/product"}],"about":[{"href":"https:\/\/estiloromano.smartjoias.com.br\/escolhas\/wp-json\/wp\/v2\/types\/product"}],"wp:featuredmedia":[{"embeddable":true,"href":"https:\/\/estiloromano.smartjoias.com.br\/escolhas\/wp-json\/wp\/v2\/media\/106813"}],"wp:attachment":[{"href":"https:\/\/estiloromano.smartjoias.com.br\/escolhas\/wp-json\/wp\/v2\/media?parent=105549"}],"wp:term":[{"taxonomy":"product_cat","embeddable":true,"href":"https:\/\/estiloromano.smartjoias.com.br\/escolhas\/wp-json\/wp\/v2\/product_cat?post=105549"},{"taxonomy":"product_tag","embeddable":true,"href":"https:\/\/estiloromano.smartjoias.com.br\/escolhas\/wp-json\/wp\/v2\/product_tag?post=105549"}],"curies":[{"name":"wp","href":"https:\/\/api.w.org\/{rel}","templated":true}]}}