{"id":105557,"date":"2024-12-04T14:16:56","date_gmt":"2024-12-04T17:16:56","guid":{"rendered":"https:\/\/estiloromano.smartjoias.com.br\/escolhas\/shop\/uncategorized\/choker-coracoes-de-perola-banhado-a-ouro\/"},"modified":"2025-03-24T20:17:21","modified_gmt":"2025-03-24T23:17:21","slug":"choker-coracoes-de-perola-banhado-a-ouro","status":"publish","type":"product","link":"https:\/\/estiloromano.smartjoias.com.br\/escolhas\/shop\/sem-categoria\/choker-coracoes-de-perola-banhado-a-ouro\/","title":{"rendered":"Choker Cora\u00e7\u00f5es de P\u00e9rola &#8211; Banhado a Ouro"},"content":{"rendered":"<p>Choker Cora\u00e7\u00f5es de P\u00e9rola &#8211; Banhado a Ouro<\/p>\n","protected":false},"excerpt":{"rendered":"<p>Choker Cora\u00e7\u00f5es de P\u00e9rola &#8211; Banhado a Ouro<\/p>\n","protected":false},"featured_media":106726,"template":"","meta":[],"product_cat":[2480],"product_tag":[],"class_list":{"0":"post-105557","1":"product","2":"type-product","3":"status-publish","4":"has-post-thumbnail","6":"product_cat-sem-categoria","8":"first","9":"instock","10":"shipping-taxable","11":"purchasable","12":"product-type-simple"},"fifu_image_url":"https:\/\/orgbling.s3.amazonaws.com\/25e28644d5bc765187a98d9415eab57d\/73224cc99078392a1e4d817845f71b1c?AWSAccessKeyId=AKIATCLMSGFX4J7TU445&Expires=1743462815&Signature=n5HhNGwW5CD93azy%2FbOvRoAaRlg%3D","_links":{"self":[{"href":"https:\/\/estiloromano.smartjoias.com.br\/escolhas\/wp-json\/wp\/v2\/product\/105557","targetHints":{"allow":["GET"]}}],"collection":[{"href":"https:\/\/estiloromano.smartjoias.com.br\/escolhas\/wp-json\/wp\/v2\/product"}],"about":[{"href":"https:\/\/estiloromano.smartjoias.com.br\/escolhas\/wp-json\/wp\/v2\/types\/product"}],"wp:featuredmedia":[{"embeddable":true,"href":"https:\/\/estiloromano.smartjoias.com.br\/escolhas\/wp-json\/wp\/v2\/media\/106726"}],"wp:attachment":[{"href":"https:\/\/estiloromano.smartjoias.com.br\/escolhas\/wp-json\/wp\/v2\/media?parent=105557"}],"wp:term":[{"taxonomy":"product_cat","embeddable":true,"href":"https:\/\/estiloromano.smartjoias.com.br\/escolhas\/wp-json\/wp\/v2\/product_cat?post=105557"},{"taxonomy":"product_tag","embeddable":true,"href":"https:\/\/estiloromano.smartjoias.com.br\/escolhas\/wp-json\/wp\/v2\/product_tag?post=105557"}],"curies":[{"name":"wp","href":"https:\/\/api.w.org\/{rel}","templated":true}]}}