{"id":105558,"date":"2024-12-04T14:16:59","date_gmt":"2024-12-04T17:16:59","guid":{"rendered":"https:\/\/estiloromano.smartjoias.com.br\/escolhas\/shop\/uncategorized\/choker-coracoes-pendentes-banhado-a-ouro\/"},"modified":"2025-03-24T20:17:24","modified_gmt":"2025-03-24T23:17:24","slug":"choker-coracoes-pendentes-banhado-a-ouro","status":"publish","type":"product","link":"https:\/\/estiloromano.smartjoias.com.br\/escolhas\/shop\/sem-categoria\/choker-coracoes-pendentes-banhado-a-ouro\/","title":{"rendered":"Choker Cora\u00e7\u00f5es Pendentes &#8211; Banhado a Ouro"},"content":{"rendered":"<p>Choker Cora\u00e7\u00f5es Pendentes &#8211; Banhado a Ouro<\/p>\n","protected":false},"excerpt":{"rendered":"<p>Choker Cora\u00e7\u00f5es Pendentes &#8211; Banhado a Ouro<\/p>\n","protected":false},"featured_media":106727,"template":"","meta":[],"product_cat":[2480],"product_tag":[],"class_list":{"0":"post-105558","1":"product","2":"type-product","3":"status-publish","4":"has-post-thumbnail","6":"product_cat-sem-categoria","8":"first","9":"instock","10":"shipping-taxable","11":"purchasable","12":"product-type-simple"},"fifu_image_url":"https:\/\/orgbling.s3.amazonaws.com\/25e28644d5bc765187a98d9415eab57d\/d177b9d4ad3de1783fcb168a3761eccf?AWSAccessKeyId=AKIATCLMSGFX4J7TU445&Expires=1743462815&Signature=kdd4udzjy7K8HuGdrGDKEc8rOe4%3D","_links":{"self":[{"href":"https:\/\/estiloromano.smartjoias.com.br\/escolhas\/wp-json\/wp\/v2\/product\/105558","targetHints":{"allow":["GET"]}}],"collection":[{"href":"https:\/\/estiloromano.smartjoias.com.br\/escolhas\/wp-json\/wp\/v2\/product"}],"about":[{"href":"https:\/\/estiloromano.smartjoias.com.br\/escolhas\/wp-json\/wp\/v2\/types\/product"}],"wp:featuredmedia":[{"embeddable":true,"href":"https:\/\/estiloromano.smartjoias.com.br\/escolhas\/wp-json\/wp\/v2\/media\/106727"}],"wp:attachment":[{"href":"https:\/\/estiloromano.smartjoias.com.br\/escolhas\/wp-json\/wp\/v2\/media?parent=105558"}],"wp:term":[{"taxonomy":"product_cat","embeddable":true,"href":"https:\/\/estiloromano.smartjoias.com.br\/escolhas\/wp-json\/wp\/v2\/product_cat?post=105558"},{"taxonomy":"product_tag","embeddable":true,"href":"https:\/\/estiloromano.smartjoias.com.br\/escolhas\/wp-json\/wp\/v2\/product_tag?post=105558"}],"curies":[{"name":"wp","href":"https:\/\/api.w.org\/{rel}","templated":true}]}}