{"id":105614,"date":"2024-12-04T14:18:42","date_gmt":"2024-12-04T17:18:42","guid":{"rendered":"https:\/\/estiloromano.smartjoias.com.br\/escolhas\/shop\/uncategorized\/anel-solitario-com-detalhe-e-microzirconia-banhado-a-ouro-tamanho21\/"},"modified":"2025-03-24T20:18:46","modified_gmt":"2025-03-24T23:18:46","slug":"anel-solitario-com-detalhe-e-microzirconia-banhado-a-ouro-tamanho21","status":"publish","type":"product","link":"https:\/\/estiloromano.smartjoias.com.br\/escolhas\/shop\/sem-categoria\/anel-solitario-com-detalhe-e-microzirconia-banhado-a-ouro-tamanho21\/","title":{"rendered":"Anel Solit\u00e1rio com Detalhe e Microzirc\u00f4nia  &#8211; Banhado a Ouro Tamanho:21"},"content":{"rendered":"<p>Anel Solit\u00e1rio com Detalhe e Microzirc\u00f4nia  &#8211; Banhado a Ouro Tamanho:21<\/p>\n","protected":false},"excerpt":{"rendered":"<p>Anel Solit\u00e1rio com Detalhe e Microzirc\u00f4nia &#8211; Banhado a Ouro Tamanho:21<\/p>\n","protected":false},"featured_media":105615,"template":"","meta":[],"product_cat":[2480],"product_tag":[],"class_list":{"0":"post-105614","1":"product","2":"type-product","3":"status-publish","4":"has-post-thumbnail","6":"product_cat-sem-categoria","8":"first","9":"instock","10":"shipping-taxable","11":"purchasable","12":"product-type-simple"},"fifu_image_url":"https:\/\/orgbling.s3.amazonaws.com\/25e28644d5bc765187a98d9415eab57d\/81d9d5d7c2b54920277a3bfa593ef683?AWSAccessKeyId=AKIATCLMSGFX4J7TU445&Expires=1743463071&Signature=g9Zhgdqb%2Fe%2BOAEgDVCw3Ba8V%2BA8%3D","_links":{"self":[{"href":"https:\/\/estiloromano.smartjoias.com.br\/escolhas\/wp-json\/wp\/v2\/product\/105614","targetHints":{"allow":["GET"]}}],"collection":[{"href":"https:\/\/estiloromano.smartjoias.com.br\/escolhas\/wp-json\/wp\/v2\/product"}],"about":[{"href":"https:\/\/estiloromano.smartjoias.com.br\/escolhas\/wp-json\/wp\/v2\/types\/product"}],"wp:featuredmedia":[{"embeddable":true,"href":"https:\/\/estiloromano.smartjoias.com.br\/escolhas\/wp-json\/wp\/v2\/media\/105615"}],"wp:attachment":[{"href":"https:\/\/estiloromano.smartjoias.com.br\/escolhas\/wp-json\/wp\/v2\/media?parent=105614"}],"wp:term":[{"taxonomy":"product_cat","embeddable":true,"href":"https:\/\/estiloromano.smartjoias.com.br\/escolhas\/wp-json\/wp\/v2\/product_cat?post=105614"},{"taxonomy":"product_tag","embeddable":true,"href":"https:\/\/estiloromano.smartjoias.com.br\/escolhas\/wp-json\/wp\/v2\/product_tag?post=105614"}],"curies":[{"name":"wp","href":"https:\/\/api.w.org\/{rel}","templated":true}]}}