{"id":105677,"date":"2024-12-04T14:20:54","date_gmt":"2024-12-04T17:20:54","guid":{"rendered":"https:\/\/estiloromano.smartjoias.com.br\/escolhas\/shop\/uncategorized\/anel-solitario-coracao-rosa-com-microzirconias-banhado-a-rodio-branco-tamanho15\/"},"modified":"2025-03-24T20:20:23","modified_gmt":"2025-03-24T23:20:23","slug":"anel-solitario-coracao-rosa-com-microzirconias-banhado-a-rodio-branco-tamanho15","status":"publish","type":"product","link":"https:\/\/estiloromano.smartjoias.com.br\/escolhas\/shop\/sem-categoria\/anel-solitario-coracao-rosa-com-microzirconias-banhado-a-rodio-branco-tamanho15\/","title":{"rendered":"Anel Solit\u00e1rio Cora\u00e7\u00e3o Rosa com Microzirc\u00f4nias &#8211; Banhado a R\u00f3dio Branco Tamanho:15"},"content":{"rendered":"<p>Anel Solit\u00e1rio Cora\u00e7\u00e3o Rosa com Microzirc\u00f4nias &#8211; Banhado a R\u00f3dio Branco Tamanho:15<\/p>\n","protected":false},"excerpt":{"rendered":"<p>Anel Solit\u00e1rio Cora\u00e7\u00e3o Rosa com Microzirc\u00f4nias &#8211; Banhado a R\u00f3dio Branco Tamanho:15<\/p>\n","protected":false},"featured_media":105678,"template":"","meta":[],"product_cat":[2480],"product_tag":[],"class_list":{"0":"post-105677","1":"product","2":"type-product","3":"status-publish","4":"has-post-thumbnail","6":"product_cat-sem-categoria","8":"first","9":"instock","10":"shipping-taxable","11":"purchasable","12":"product-type-simple"},"fifu_image_url":"https:\/\/orgbling.s3.amazonaws.com\/25e28644d5bc765187a98d9415eab57d\/8073533f5ed01ce10ec139e1c1ea49c9?AWSAccessKeyId=AKIATCLMSGFX4J7TU445&Expires=1743463071&Signature=E%2F6NtFzoe2x1xl7jZg68oh6bTnk%3D","_links":{"self":[{"href":"https:\/\/estiloromano.smartjoias.com.br\/escolhas\/wp-json\/wp\/v2\/product\/105677","targetHints":{"allow":["GET"]}}],"collection":[{"href":"https:\/\/estiloromano.smartjoias.com.br\/escolhas\/wp-json\/wp\/v2\/product"}],"about":[{"href":"https:\/\/estiloromano.smartjoias.com.br\/escolhas\/wp-json\/wp\/v2\/types\/product"}],"wp:featuredmedia":[{"embeddable":true,"href":"https:\/\/estiloromano.smartjoias.com.br\/escolhas\/wp-json\/wp\/v2\/media\/105678"}],"wp:attachment":[{"href":"https:\/\/estiloromano.smartjoias.com.br\/escolhas\/wp-json\/wp\/v2\/media?parent=105677"}],"wp:term":[{"taxonomy":"product_cat","embeddable":true,"href":"https:\/\/estiloromano.smartjoias.com.br\/escolhas\/wp-json\/wp\/v2\/product_cat?post=105677"},{"taxonomy":"product_tag","embeddable":true,"href":"https:\/\/estiloromano.smartjoias.com.br\/escolhas\/wp-json\/wp\/v2\/product_tag?post=105677"}],"curies":[{"name":"wp","href":"https:\/\/api.w.org\/{rel}","templated":true}]}}