{"id":105808,"date":"2024-12-04T14:24:00","date_gmt":"2024-12-04T17:24:00","guid":{"rendered":"https:\/\/estiloromano.smartjoias.com.br\/escolhas\/shop\/uncategorized\/anel-solitario-coracao-cristal-com-microzirconias-banhado-a-rodio-branco-tamanho15\/"},"modified":"2025-03-24T20:23:04","modified_gmt":"2025-03-24T23:23:04","slug":"anel-solitario-coracao-cristal-com-microzirconias-banhado-a-rodio-branco-tamanho15","status":"publish","type":"product","link":"https:\/\/estiloromano.smartjoias.com.br\/escolhas\/shop\/sem-categoria\/anel-solitario-coracao-cristal-com-microzirconias-banhado-a-rodio-branco-tamanho15\/","title":{"rendered":"Anel Solit\u00e1rio Cora\u00e7\u00e3o Cristal com Microzirc\u00f4nias &#8211; Banhado a R\u00f3dio Branco Tamanho:15"},"content":{"rendered":"<p>Anel Solit\u00e1rio Cora\u00e7\u00e3o Cristal com Microzirc\u00f4nias &#8211; Banhado a R\u00f3dio Branco Tamanho:15<\/p>\n","protected":false},"excerpt":{"rendered":"<p>Anel Solit\u00e1rio Cora\u00e7\u00e3o Cristal com Microzirc\u00f4nias &#8211; Banhado a R\u00f3dio Branco Tamanho:15<\/p>\n","protected":false},"featured_media":105809,"template":"","meta":[],"product_cat":[2480],"product_tag":[],"class_list":{"0":"post-105808","1":"product","2":"type-product","3":"status-publish","4":"has-post-thumbnail","6":"product_cat-sem-categoria","8":"first","9":"instock","10":"shipping-taxable","11":"purchasable","12":"product-type-simple"},"fifu_image_url":"https:\/\/orgbling.s3.amazonaws.com\/25e28644d5bc765187a98d9415eab57d\/83f9f6a7f938b0bb7f57f056fae75733?AWSAccessKeyId=AKIATCLMSGFX4J7TU445&Expires=1743463312&Signature=l9ulZXvgmgx7fM4zO0JijoIOH68%3D","_links":{"self":[{"href":"https:\/\/estiloromano.smartjoias.com.br\/escolhas\/wp-json\/wp\/v2\/product\/105808","targetHints":{"allow":["GET"]}}],"collection":[{"href":"https:\/\/estiloromano.smartjoias.com.br\/escolhas\/wp-json\/wp\/v2\/product"}],"about":[{"href":"https:\/\/estiloromano.smartjoias.com.br\/escolhas\/wp-json\/wp\/v2\/types\/product"}],"wp:featuredmedia":[{"embeddable":true,"href":"https:\/\/estiloromano.smartjoias.com.br\/escolhas\/wp-json\/wp\/v2\/media\/105809"}],"wp:attachment":[{"href":"https:\/\/estiloromano.smartjoias.com.br\/escolhas\/wp-json\/wp\/v2\/media?parent=105808"}],"wp:term":[{"taxonomy":"product_cat","embeddable":true,"href":"https:\/\/estiloromano.smartjoias.com.br\/escolhas\/wp-json\/wp\/v2\/product_cat?post=105808"},{"taxonomy":"product_tag","embeddable":true,"href":"https:\/\/estiloromano.smartjoias.com.br\/escolhas\/wp-json\/wp\/v2\/product_tag?post=105808"}],"curies":[{"name":"wp","href":"https:\/\/api.w.org\/{rel}","templated":true}]}}