{"id":105856,"date":"2024-12-04T14:25:23","date_gmt":"2024-12-04T17:25:23","guid":{"rendered":"https:\/\/estiloromano.smartjoias.com.br\/escolhas\/shop\/uncategorized\/anel-solitario-pedra-quadrada-verde-agua-com-microzirconias-banhado-a-ouro-tamanho18\/"},"modified":"2025-03-24T20:24:14","modified_gmt":"2025-03-24T23:24:14","slug":"anel-solitario-pedra-quadrada-verde-agua-com-microzirconias-banhado-a-ouro-tamanho18","status":"publish","type":"product","link":"https:\/\/estiloromano.smartjoias.com.br\/escolhas\/shop\/sem-categoria\/anel-solitario-pedra-quadrada-verde-agua-com-microzirconias-banhado-a-ouro-tamanho18\/","title":{"rendered":"Anel Solit\u00e1rio Pedra Quadrada Verde \u00c1gua com Microzirc\u00f4nias &#8211; Banhado a Ouro Tamanho:18"},"content":{"rendered":"<p>Anel Solit\u00e1rio Pedra Quadrada Verde \u00c1gua com Microzirc\u00f4nias &#8211; Banhado a Ouro Tamanho:18<\/p>\n","protected":false},"excerpt":{"rendered":"<p>Anel Solit\u00e1rio Pedra Quadrada Verde \u00c1gua com Microzirc\u00f4nias &#8211; Banhado a Ouro Tamanho:18<\/p>\n","protected":false},"featured_media":106452,"template":"","meta":[],"product_cat":[2480],"product_tag":[],"class_list":{"0":"post-105856","1":"product","2":"type-product","3":"status-publish","4":"has-post-thumbnail","6":"product_cat-sem-categoria","8":"first","9":"instock","10":"shipping-taxable","11":"purchasable","12":"product-type-simple"},"fifu_image_url":"https:\/\/orgbling.s3.amazonaws.com\/25e28644d5bc765187a98d9415eab57d\/1450437dcf2237aaf325220977ee4fb9?AWSAccessKeyId=AKIATCLMSGFX4J7TU445&Expires=1743463312&Signature=g70ZSxy%2FjL5HWgEbsmVL5ePyalU%3D","_links":{"self":[{"href":"https:\/\/estiloromano.smartjoias.com.br\/escolhas\/wp-json\/wp\/v2\/product\/105856","targetHints":{"allow":["GET"]}}],"collection":[{"href":"https:\/\/estiloromano.smartjoias.com.br\/escolhas\/wp-json\/wp\/v2\/product"}],"about":[{"href":"https:\/\/estiloromano.smartjoias.com.br\/escolhas\/wp-json\/wp\/v2\/types\/product"}],"wp:featuredmedia":[{"embeddable":true,"href":"https:\/\/estiloromano.smartjoias.com.br\/escolhas\/wp-json\/wp\/v2\/media\/106452"}],"wp:attachment":[{"href":"https:\/\/estiloromano.smartjoias.com.br\/escolhas\/wp-json\/wp\/v2\/media?parent=105856"}],"wp:term":[{"taxonomy":"product_cat","embeddable":true,"href":"https:\/\/estiloromano.smartjoias.com.br\/escolhas\/wp-json\/wp\/v2\/product_cat?post=105856"},{"taxonomy":"product_tag","embeddable":true,"href":"https:\/\/estiloromano.smartjoias.com.br\/escolhas\/wp-json\/wp\/v2\/product_tag?post=105856"}],"curies":[{"name":"wp","href":"https:\/\/api.w.org\/{rel}","templated":true}]}}