{"id":105912,"date":"2024-12-04T14:26:45","date_gmt":"2024-12-04T17:26:45","guid":{"rendered":"https:\/\/estiloromano.smartjoias.com.br\/escolhas\/shop\/uncategorized\/anel-solitario-pedra-quadrada-roxa-com-microzirconias-banhado-a-ouro-tamanho19\/"},"modified":"2025-03-24T20:25:29","modified_gmt":"2025-03-24T23:25:29","slug":"anel-solitario-pedra-quadrada-roxa-com-microzirconias-banhado-a-ouro-tamanho19","status":"publish","type":"product","link":"https:\/\/estiloromano.smartjoias.com.br\/escolhas\/shop\/sem-categoria\/anel-solitario-pedra-quadrada-roxa-com-microzirconias-banhado-a-ouro-tamanho19\/","title":{"rendered":"Anel Solit\u00e1rio Pedra Quadrada Roxa com Microzirc\u00f4nias &#8211; Banhado a Ouro Tamanho:19"},"content":{"rendered":"<p>Anel Solit\u00e1rio Pedra Quadrada Roxa com Microzirc\u00f4nias &#8211; Banhado a Ouro Tamanho:19<\/p>\n","protected":false},"excerpt":{"rendered":"<p>Anel Solit\u00e1rio Pedra Quadrada Roxa com Microzirc\u00f4nias &#8211; Banhado a Ouro Tamanho:19<\/p>\n","protected":false},"featured_media":105913,"template":"","meta":[],"product_cat":[2480],"product_tag":[],"class_list":{"0":"post-105912","1":"product","2":"type-product","3":"status-publish","4":"has-post-thumbnail","6":"product_cat-sem-categoria","8":"first","9":"instock","10":"shipping-taxable","11":"purchasable","12":"product-type-simple"},"fifu_image_url":"https:\/\/orgbling.s3.amazonaws.com\/25e28644d5bc765187a98d9415eab57d\/aed49444424a62c17a7b614694f9a337?AWSAccessKeyId=AKIATCLMSGFX4J7TU445&Expires=1743463312&Signature=KpUhlCDhOs5ZCySuyK04Gysc7lc%3D","_links":{"self":[{"href":"https:\/\/estiloromano.smartjoias.com.br\/escolhas\/wp-json\/wp\/v2\/product\/105912","targetHints":{"allow":["GET"]}}],"collection":[{"href":"https:\/\/estiloromano.smartjoias.com.br\/escolhas\/wp-json\/wp\/v2\/product"}],"about":[{"href":"https:\/\/estiloromano.smartjoias.com.br\/escolhas\/wp-json\/wp\/v2\/types\/product"}],"wp:featuredmedia":[{"embeddable":true,"href":"https:\/\/estiloromano.smartjoias.com.br\/escolhas\/wp-json\/wp\/v2\/media\/105913"}],"wp:attachment":[{"href":"https:\/\/estiloromano.smartjoias.com.br\/escolhas\/wp-json\/wp\/v2\/media?parent=105912"}],"wp:term":[{"taxonomy":"product_cat","embeddable":true,"href":"https:\/\/estiloromano.smartjoias.com.br\/escolhas\/wp-json\/wp\/v2\/product_cat?post=105912"},{"taxonomy":"product_tag","embeddable":true,"href":"https:\/\/estiloromano.smartjoias.com.br\/escolhas\/wp-json\/wp\/v2\/product_tag?post=105912"}],"curies":[{"name":"wp","href":"https:\/\/api.w.org\/{rel}","templated":true}]}}