{"id":106026,"date":"2024-12-04T14:29:40","date_gmt":"2024-12-04T17:29:40","guid":{"rendered":"https:\/\/estiloromano.smartjoias.com.br\/escolhas\/shop\/uncategorized\/anel-solitario-coracao-rosa-com-microzirconias-banhado-a-ouro-tamanho18\/"},"modified":"2025-03-24T20:28:15","modified_gmt":"2025-03-24T23:28:15","slug":"anel-solitario-coracao-rosa-com-microzirconias-banhado-a-ouro-tamanho18","status":"publish","type":"product","link":"https:\/\/estiloromano.smartjoias.com.br\/escolhas\/shop\/sem-categoria\/anel-solitario-coracao-rosa-com-microzirconias-banhado-a-ouro-tamanho18\/","title":{"rendered":"Anel Solit\u00e1rio Cora\u00e7\u00e3o Rosa com Microzirc\u00f4nias &#8211; Banhado a Ouro Tamanho:18"},"content":{"rendered":"<p>Anel Solit\u00e1rio Cora\u00e7\u00e3o Rosa com Microzirc\u00f4nias &#8211; Banhado a Ouro Tamanho:18<\/p>\n","protected":false},"excerpt":{"rendered":"<p>Anel Solit\u00e1rio Cora\u00e7\u00e3o Rosa com Microzirc\u00f4nias &#8211; Banhado a Ouro Tamanho:18<\/p>\n","protected":false},"featured_media":106027,"template":"","meta":[],"product_cat":[2480],"product_tag":[],"class_list":{"0":"post-106026","1":"product","2":"type-product","3":"status-publish","4":"has-post-thumbnail","6":"product_cat-sem-categoria","8":"first","9":"instock","10":"shipping-taxable","11":"purchasable","12":"product-type-simple"},"fifu_image_url":"https:\/\/orgbling.s3.amazonaws.com\/25e28644d5bc765187a98d9415eab57d\/95e8ba0181e6500270a1865193a7df94?AWSAccessKeyId=AKIATCLMSGFX4J7TU445&Expires=1743463556&Signature=fghbKmj6CgLRQeUlGdchR0ofGe0%3D","_links":{"self":[{"href":"https:\/\/estiloromano.smartjoias.com.br\/escolhas\/wp-json\/wp\/v2\/product\/106026","targetHints":{"allow":["GET"]}}],"collection":[{"href":"https:\/\/estiloromano.smartjoias.com.br\/escolhas\/wp-json\/wp\/v2\/product"}],"about":[{"href":"https:\/\/estiloromano.smartjoias.com.br\/escolhas\/wp-json\/wp\/v2\/types\/product"}],"wp:featuredmedia":[{"embeddable":true,"href":"https:\/\/estiloromano.smartjoias.com.br\/escolhas\/wp-json\/wp\/v2\/media\/106027"}],"wp:attachment":[{"href":"https:\/\/estiloromano.smartjoias.com.br\/escolhas\/wp-json\/wp\/v2\/media?parent=106026"}],"wp:term":[{"taxonomy":"product_cat","embeddable":true,"href":"https:\/\/estiloromano.smartjoias.com.br\/escolhas\/wp-json\/wp\/v2\/product_cat?post=106026"},{"taxonomy":"product_tag","embeddable":true,"href":"https:\/\/estiloromano.smartjoias.com.br\/escolhas\/wp-json\/wp\/v2\/product_tag?post=106026"}],"curies":[{"name":"wp","href":"https:\/\/api.w.org\/{rel}","templated":true}]}}