{"id":106663,"date":"2024-12-12T10:35:56","date_gmt":"2024-12-12T13:35:56","guid":{"rendered":"https:\/\/estiloromano.smartjoias.com.br\/escolhas\/shop\/uncategorized\/conjunto-coracao-vazado-cravejado-banhado-a-ouro-2\/"},"modified":"2025-03-24T20:15:50","modified_gmt":"2025-03-24T23:15:50","slug":"conjunto-coracao-vazado-cravejado-banhado-a-ouro-2","status":"publish","type":"product","link":"https:\/\/estiloromano.smartjoias.com.br\/escolhas\/shop\/sem-categoria\/conjunto-coracao-vazado-cravejado-banhado-a-ouro-2\/","title":{"rendered":"Conjunto Cora\u00e7\u00e3o Vazado Cravejado Banhado a Ouro"},"content":{"rendered":"<p>Conjunto Cora\u00e7\u00e3o Vazado Cravejado Banhado a Ouro<\/p>\n","protected":false},"excerpt":{"rendered":"<p>Conjunto Cora\u00e7\u00e3o Vazado Cravejado Banhado a Ouro<\/p>\n","protected":false},"featured_media":106664,"template":"","meta":[],"product_cat":[2480],"product_tag":[],"class_list":{"0":"post-106663","1":"product","2":"type-product","3":"status-publish","4":"has-post-thumbnail","6":"product_cat-sem-categoria","8":"first","9":"instock","10":"shipping-taxable","11":"purchasable","12":"product-type-simple"},"fifu_image_url":"https:\/\/orgbling.s3.amazonaws.com\/25e28644d5bc765187a98d9415eab57d\/b04bc427f8e1eec7be76e12fc9d8beef?AWSAccessKeyId=AKIATCLMSGFX4J7TU445&Expires=1743462815&Signature=7zK6%2B0rd1xMHccxxeHyVvQ9bqtk%3D","_links":{"self":[{"href":"https:\/\/estiloromano.smartjoias.com.br\/escolhas\/wp-json\/wp\/v2\/product\/106663","targetHints":{"allow":["GET"]}}],"collection":[{"href":"https:\/\/estiloromano.smartjoias.com.br\/escolhas\/wp-json\/wp\/v2\/product"}],"about":[{"href":"https:\/\/estiloromano.smartjoias.com.br\/escolhas\/wp-json\/wp\/v2\/types\/product"}],"wp:featuredmedia":[{"embeddable":true,"href":"https:\/\/estiloromano.smartjoias.com.br\/escolhas\/wp-json\/wp\/v2\/media\/106664"}],"wp:attachment":[{"href":"https:\/\/estiloromano.smartjoias.com.br\/escolhas\/wp-json\/wp\/v2\/media?parent=106663"}],"wp:term":[{"taxonomy":"product_cat","embeddable":true,"href":"https:\/\/estiloromano.smartjoias.com.br\/escolhas\/wp-json\/wp\/v2\/product_cat?post=106663"},{"taxonomy":"product_tag","embeddable":true,"href":"https:\/\/estiloromano.smartjoias.com.br\/escolhas\/wp-json\/wp\/v2\/product_tag?post=106663"}],"curies":[{"name":"wp","href":"https:\/\/api.w.org\/{rel}","templated":true}]}}