{"id":106665,"date":"2024-12-12T10:36:00","date_gmt":"2024-12-12T13:36:00","guid":{"rendered":"https:\/\/estiloromano.smartjoias.com.br\/escolhas\/shop\/uncategorized\/conjunto-circulo-cravejado-com-microzirconias-banhado-a-ouro\/"},"modified":"2025-03-24T20:15:53","modified_gmt":"2025-03-24T23:15:53","slug":"conjunto-circulo-cravejado-com-microzirconias-banhado-a-ouro","status":"publish","type":"product","link":"https:\/\/estiloromano.smartjoias.com.br\/escolhas\/shop\/sem-categoria\/conjunto-circulo-cravejado-com-microzirconias-banhado-a-ouro\/","title":{"rendered":"Conjunto Circulo Cravejado com Micr\u00f4zirc\u00f4nias Banhado a Ouro"},"content":{"rendered":"<p>Conjunto Circulo Cravejado com Micr\u00f4zirc\u00f4nias Banhado a Ouro<\/p>\n","protected":false},"excerpt":{"rendered":"<p>Conjunto Circulo Cravejado com Micr\u00f4zirc\u00f4nias Banhado a Ouro<\/p>\n","protected":false},"featured_media":106666,"template":"","meta":[],"product_cat":[2480],"product_tag":[],"class_list":{"0":"post-106665","1":"product","2":"type-product","3":"status-publish","4":"has-post-thumbnail","6":"product_cat-sem-categoria","8":"first","9":"instock","10":"shipping-taxable","11":"purchasable","12":"product-type-simple"},"fifu_image_url":"https:\/\/orgbling.s3.amazonaws.com\/25e28644d5bc765187a98d9415eab57d\/e0b327dc5665d21d7cb3194d6b381090?AWSAccessKeyId=AKIATCLMSGFX4J7TU445&Expires=1743462815&Signature=fUwyuTKjze1E792XDd8lo9eDFME%3D","_links":{"self":[{"href":"https:\/\/estiloromano.smartjoias.com.br\/escolhas\/wp-json\/wp\/v2\/product\/106665","targetHints":{"allow":["GET"]}}],"collection":[{"href":"https:\/\/estiloromano.smartjoias.com.br\/escolhas\/wp-json\/wp\/v2\/product"}],"about":[{"href":"https:\/\/estiloromano.smartjoias.com.br\/escolhas\/wp-json\/wp\/v2\/types\/product"}],"wp:featuredmedia":[{"embeddable":true,"href":"https:\/\/estiloromano.smartjoias.com.br\/escolhas\/wp-json\/wp\/v2\/media\/106666"}],"wp:attachment":[{"href":"https:\/\/estiloromano.smartjoias.com.br\/escolhas\/wp-json\/wp\/v2\/media?parent=106665"}],"wp:term":[{"taxonomy":"product_cat","embeddable":true,"href":"https:\/\/estiloromano.smartjoias.com.br\/escolhas\/wp-json\/wp\/v2\/product_cat?post=106665"},{"taxonomy":"product_tag","embeddable":true,"href":"https:\/\/estiloromano.smartjoias.com.br\/escolhas\/wp-json\/wp\/v2\/product_tag?post=106665"}],"curies":[{"name":"wp","href":"https:\/\/api.w.org\/{rel}","templated":true}]}}