{"id":106667,"date":"2024-12-12T10:36:03","date_gmt":"2024-12-12T13:36:03","guid":{"rendered":"https:\/\/estiloromano.smartjoias.com.br\/escolhas\/shop\/uncategorized\/conjunto-ponto-de-luz-com-microzirconias-banhado-a-ouro\/"},"modified":"2025-03-24T20:15:55","modified_gmt":"2025-03-24T23:15:55","slug":"conjunto-ponto-de-luz-com-microzirconias-banhado-a-ouro","status":"publish","type":"product","link":"https:\/\/estiloromano.smartjoias.com.br\/escolhas\/shop\/sem-categoria\/conjunto-ponto-de-luz-com-microzirconias-banhado-a-ouro\/","title":{"rendered":"Conjunto Ponto de Luz com Micr\u00f4zirc\u00f4nias Banhado a Ouro"},"content":{"rendered":"<p>Conjunto Ponto de Luz com Micr\u00f4zirc\u00f4nias Banhado a Ouro<\/p>\n","protected":false},"excerpt":{"rendered":"<p>Conjunto Ponto de Luz com Micr\u00f4zirc\u00f4nias Banhado a Ouro<\/p>\n","protected":false},"featured_media":106668,"template":"","meta":[],"product_cat":[2480],"product_tag":[],"class_list":{"0":"post-106667","1":"product","2":"type-product","3":"status-publish","4":"has-post-thumbnail","6":"product_cat-sem-categoria","8":"first","9":"instock","10":"shipping-taxable","11":"purchasable","12":"product-type-simple"},"fifu_image_url":"https:\/\/orgbling.s3.amazonaws.com\/25e28644d5bc765187a98d9415eab57d\/1604f39dcd2507d575f816921ef334ba?AWSAccessKeyId=AKIATCLMSGFX4J7TU445&Expires=1743462815&Signature=9fJBn09KTahA44CupKcDGNKeeaE%3D","_links":{"self":[{"href":"https:\/\/estiloromano.smartjoias.com.br\/escolhas\/wp-json\/wp\/v2\/product\/106667","targetHints":{"allow":["GET"]}}],"collection":[{"href":"https:\/\/estiloromano.smartjoias.com.br\/escolhas\/wp-json\/wp\/v2\/product"}],"about":[{"href":"https:\/\/estiloromano.smartjoias.com.br\/escolhas\/wp-json\/wp\/v2\/types\/product"}],"wp:featuredmedia":[{"embeddable":true,"href":"https:\/\/estiloromano.smartjoias.com.br\/escolhas\/wp-json\/wp\/v2\/media\/106668"}],"wp:attachment":[{"href":"https:\/\/estiloromano.smartjoias.com.br\/escolhas\/wp-json\/wp\/v2\/media?parent=106667"}],"wp:term":[{"taxonomy":"product_cat","embeddable":true,"href":"https:\/\/estiloromano.smartjoias.com.br\/escolhas\/wp-json\/wp\/v2\/product_cat?post=106667"},{"taxonomy":"product_tag","embeddable":true,"href":"https:\/\/estiloromano.smartjoias.com.br\/escolhas\/wp-json\/wp\/v2\/product_tag?post=106667"}],"curies":[{"name":"wp","href":"https:\/\/api.w.org\/{rel}","templated":true}]}}