{"id":106677,"date":"2024-12-12T10:36:17","date_gmt":"2024-12-12T13:36:17","guid":{"rendered":"https:\/\/estiloromano.smartjoias.com.br\/escolhas\/shop\/uncategorized\/piercing-argolinha-torcao-cravejado-10mm-em-aco-3\/"},"modified":"2025-03-24T20:16:08","modified_gmt":"2025-03-24T23:16:08","slug":"piercing-argolinha-torcao-cravejado-10mm-em-aco-3","status":"publish","type":"product","link":"https:\/\/estiloromano.smartjoias.com.br\/escolhas\/shop\/sem-categoria\/piercing-argolinha-torcao-cravejado-10mm-em-aco-3\/","title":{"rendered":"Piercing Argolinha Tor\u00e7\u00e3o Cravejado 10mm em A\u00e7o"},"content":{"rendered":"<p>Piercing Argolinha Tor\u00e7\u00e3o Cravejado 10mm em A\u00e7o<\/p>\n","protected":false},"excerpt":{"rendered":"<p>Piercing Argolinha Tor\u00e7\u00e3o Cravejado 10mm em A\u00e7o<\/p>\n","protected":false},"featured_media":106678,"template":"","meta":[],"product_cat":[2480],"product_tag":[],"class_list":{"0":"post-106677","1":"product","2":"type-product","3":"status-publish","4":"has-post-thumbnail","6":"product_cat-sem-categoria","8":"first","9":"instock","10":"shipping-taxable","11":"purchasable","12":"product-type-simple"},"fifu_image_url":"https:\/\/orgbling.s3.amazonaws.com\/25e28644d5bc765187a98d9415eab57d\/593e65c54a79d192fea62d9a6629704f?AWSAccessKeyId=AKIATCLMSGFX4J7TU445&Expires=1743462815&Signature=iYGC1DKceiHb1nxVYmnHRIKvAz0%3D","_links":{"self":[{"href":"https:\/\/estiloromano.smartjoias.com.br\/escolhas\/wp-json\/wp\/v2\/product\/106677","targetHints":{"allow":["GET"]}}],"collection":[{"href":"https:\/\/estiloromano.smartjoias.com.br\/escolhas\/wp-json\/wp\/v2\/product"}],"about":[{"href":"https:\/\/estiloromano.smartjoias.com.br\/escolhas\/wp-json\/wp\/v2\/types\/product"}],"wp:featuredmedia":[{"embeddable":true,"href":"https:\/\/estiloromano.smartjoias.com.br\/escolhas\/wp-json\/wp\/v2\/media\/106678"}],"wp:attachment":[{"href":"https:\/\/estiloromano.smartjoias.com.br\/escolhas\/wp-json\/wp\/v2\/media?parent=106677"}],"wp:term":[{"taxonomy":"product_cat","embeddable":true,"href":"https:\/\/estiloromano.smartjoias.com.br\/escolhas\/wp-json\/wp\/v2\/product_cat?post=106677"},{"taxonomy":"product_tag","embeddable":true,"href":"https:\/\/estiloromano.smartjoias.com.br\/escolhas\/wp-json\/wp\/v2\/product_tag?post=106677"}],"curies":[{"name":"wp","href":"https:\/\/api.w.org\/{rel}","templated":true}]}}