{"id":106738,"date":"2024-12-18T14:13:44","date_gmt":"2024-12-18T17:13:44","guid":{"rendered":"https:\/\/estiloromano.smartjoias.com.br\/escolhas\/shop\/uncategorized\/colar-nylon-coracao-cravejado-banhado-a-prata\/"},"modified":"2025-03-24T20:13:02","modified_gmt":"2025-03-24T23:13:02","slug":"colar-nylon-coracao-cravejado-banhado-a-prata","status":"publish","type":"product","link":"https:\/\/estiloromano.smartjoias.com.br\/escolhas\/shop\/sem-categoria\/colar-nylon-coracao-cravejado-banhado-a-prata\/","title":{"rendered":"Colar Nylon Cora\u00e7\u00e3o Cravejado &#8211; Banhado a Prata"},"content":{"rendered":"<p>Colar Nylon Cora\u00e7\u00e3o Cravejado &#8211; Banhado a Prata<\/p>\n","protected":false},"excerpt":{"rendered":"<p>Colar Nylon Cora\u00e7\u00e3o Cravejado &#8211; Banhado a Prata<\/p>\n","protected":false},"featured_media":106913,"template":"","meta":[],"product_cat":[2480],"product_tag":[],"class_list":{"0":"post-106738","1":"product","2":"type-product","3":"status-publish","4":"has-post-thumbnail","6":"product_cat-sem-categoria","8":"first","9":"instock","10":"shipping-taxable","11":"purchasable","12":"product-type-simple"},"fifu_image_url":"https:\/\/orgbling.s3.amazonaws.com\/25e28644d5bc765187a98d9415eab57d\/2ea40b1de192a2e3c1ff2862db35de1a?AWSAccessKeyId=AKIATCLMSGFX4J7TU445&Expires=1743462556&Signature=hw0i5GS0DqBwS99Medw9fszOQ70%3D","_links":{"self":[{"href":"https:\/\/estiloromano.smartjoias.com.br\/escolhas\/wp-json\/wp\/v2\/product\/106738","targetHints":{"allow":["GET"]}}],"collection":[{"href":"https:\/\/estiloromano.smartjoias.com.br\/escolhas\/wp-json\/wp\/v2\/product"}],"about":[{"href":"https:\/\/estiloromano.smartjoias.com.br\/escolhas\/wp-json\/wp\/v2\/types\/product"}],"wp:featuredmedia":[{"embeddable":true,"href":"https:\/\/estiloromano.smartjoias.com.br\/escolhas\/wp-json\/wp\/v2\/media\/106913"}],"wp:attachment":[{"href":"https:\/\/estiloromano.smartjoias.com.br\/escolhas\/wp-json\/wp\/v2\/media?parent=106738"}],"wp:term":[{"taxonomy":"product_cat","embeddable":true,"href":"https:\/\/estiloromano.smartjoias.com.br\/escolhas\/wp-json\/wp\/v2\/product_cat?post=106738"},{"taxonomy":"product_tag","embeddable":true,"href":"https:\/\/estiloromano.smartjoias.com.br\/escolhas\/wp-json\/wp\/v2\/product_tag?post=106738"}],"curies":[{"name":"wp","href":"https:\/\/api.w.org\/{rel}","templated":true}]}}