{"id":106741,"date":"2024-12-18T14:13:52","date_gmt":"2024-12-18T17:13:52","guid":{"rendered":"https:\/\/estiloromano.smartjoias.com.br\/escolhas\/shop\/uncategorized\/conjunto-coracao-cravejado-banhado-a-ouro-2\/"},"modified":"2025-03-24T20:13:10","modified_gmt":"2025-03-24T23:13:10","slug":"conjunto-coracao-cravejado-banhado-a-ouro-2","status":"publish","type":"product","link":"https:\/\/estiloromano.smartjoias.com.br\/escolhas\/shop\/sem-categoria\/conjunto-coracao-cravejado-banhado-a-ouro-2\/","title":{"rendered":"Conjunto Cora\u00e7\u00e3o Cravejado  Banhado a Ouro"},"content":{"rendered":"<p>Conjunto Cora\u00e7\u00e3o Cravejado  Banhado a Ouro<\/p>\n","protected":false},"excerpt":{"rendered":"<p>Conjunto Cora\u00e7\u00e3o Cravejado Banhado a Ouro<\/p>\n","protected":false},"featured_media":106915,"template":"","meta":[],"product_cat":[2480],"product_tag":[],"class_list":{"0":"post-106741","1":"product","2":"type-product","3":"status-publish","4":"has-post-thumbnail","6":"product_cat-sem-categoria","8":"first","9":"instock","10":"shipping-taxable","11":"purchasable","12":"product-type-simple"},"fifu_image_url":"https:\/\/orgbling.s3.amazonaws.com\/25e28644d5bc765187a98d9415eab57d\/e0fad7c3b855807a383710fde335beeb?AWSAccessKeyId=AKIATCLMSGFX4J7TU445&Expires=1743462556&Signature=rEEOoYA8fdixGgN%2FGDUbBP33Ees%3D","_links":{"self":[{"href":"https:\/\/estiloromano.smartjoias.com.br\/escolhas\/wp-json\/wp\/v2\/product\/106741","targetHints":{"allow":["GET"]}}],"collection":[{"href":"https:\/\/estiloromano.smartjoias.com.br\/escolhas\/wp-json\/wp\/v2\/product"}],"about":[{"href":"https:\/\/estiloromano.smartjoias.com.br\/escolhas\/wp-json\/wp\/v2\/types\/product"}],"wp:featuredmedia":[{"embeddable":true,"href":"https:\/\/estiloromano.smartjoias.com.br\/escolhas\/wp-json\/wp\/v2\/media\/106915"}],"wp:attachment":[{"href":"https:\/\/estiloromano.smartjoias.com.br\/escolhas\/wp-json\/wp\/v2\/media?parent=106741"}],"wp:term":[{"taxonomy":"product_cat","embeddable":true,"href":"https:\/\/estiloromano.smartjoias.com.br\/escolhas\/wp-json\/wp\/v2\/product_cat?post=106741"},{"taxonomy":"product_tag","embeddable":true,"href":"https:\/\/estiloromano.smartjoias.com.br\/escolhas\/wp-json\/wp\/v2\/product_tag?post=106741"}],"curies":[{"name":"wp","href":"https:\/\/api.w.org\/{rel}","templated":true}]}}