{"id":106744,"date":"2024-12-18T14:13:57","date_gmt":"2024-12-18T17:13:57","guid":{"rendered":"https:\/\/estiloromano.smartjoias.com.br\/escolhas\/shop\/uncategorized\/colar-madreperola-vazado-coracao-banhado-a-ouro\/"},"modified":"2025-03-24T20:13:15","modified_gmt":"2025-03-24T23:13:15","slug":"colar-madreperola-vazado-coracao-banhado-a-ouro","status":"publish","type":"product","link":"https:\/\/estiloromano.smartjoias.com.br\/escolhas\/shop\/sem-categoria\/colar-madreperola-vazado-coracao-banhado-a-ouro\/","title":{"rendered":"Colar Madrep\u00e9rola Vazado Cora\u00e7\u00e3o Banhado a Ouro"},"content":{"rendered":"<p>Colar Madrep\u00e9rola Vazado Cora\u00e7\u00e3o Banhado a Ouro<\/p>\n","protected":false},"excerpt":{"rendered":"<p>Colar Madrep\u00e9rola Vazado Cora\u00e7\u00e3o Banhado a Ouro<\/p>\n","protected":false},"featured_media":106745,"template":"","meta":[],"product_cat":[2480],"product_tag":[],"class_list":{"0":"post-106744","1":"product","2":"type-product","3":"status-publish","4":"has-post-thumbnail","6":"product_cat-sem-categoria","8":"first","9":"instock","10":"shipping-taxable","11":"purchasable","12":"product-type-simple"},"fifu_image_url":"https:\/\/orgbling.s3.amazonaws.com\/25e28644d5bc765187a98d9415eab57d\/72a058a145698246e238174cec5788d6?AWSAccessKeyId=AKIATCLMSGFX4J7TU445&Expires=1743462556&Signature=5GknJPx3nvTK192u%2FiyriGdFaKg%3D","_links":{"self":[{"href":"https:\/\/estiloromano.smartjoias.com.br\/escolhas\/wp-json\/wp\/v2\/product\/106744","targetHints":{"allow":["GET"]}}],"collection":[{"href":"https:\/\/estiloromano.smartjoias.com.br\/escolhas\/wp-json\/wp\/v2\/product"}],"about":[{"href":"https:\/\/estiloromano.smartjoias.com.br\/escolhas\/wp-json\/wp\/v2\/types\/product"}],"wp:featuredmedia":[{"embeddable":true,"href":"https:\/\/estiloromano.smartjoias.com.br\/escolhas\/wp-json\/wp\/v2\/media\/106745"}],"wp:attachment":[{"href":"https:\/\/estiloromano.smartjoias.com.br\/escolhas\/wp-json\/wp\/v2\/media?parent=106744"}],"wp:term":[{"taxonomy":"product_cat","embeddable":true,"href":"https:\/\/estiloromano.smartjoias.com.br\/escolhas\/wp-json\/wp\/v2\/product_cat?post=106744"},{"taxonomy":"product_tag","embeddable":true,"href":"https:\/\/estiloromano.smartjoias.com.br\/escolhas\/wp-json\/wp\/v2\/product_tag?post=106744"}],"curies":[{"name":"wp","href":"https:\/\/api.w.org\/{rel}","templated":true}]}}