{"id":106746,"date":"2024-12-18T14:13:59","date_gmt":"2024-12-18T17:13:59","guid":{"rendered":"https:\/\/estiloromano.smartjoias.com.br\/escolhas\/shop\/uncategorized\/choker-dualidade-perolas-e-bolinhas-media-banhada-a-ouro\/"},"modified":"2025-03-24T20:13:17","modified_gmt":"2025-03-24T23:13:17","slug":"choker-dualidade-perolas-e-bolinhas-media-banhada-a-ouro","status":"publish","type":"product","link":"https:\/\/estiloromano.smartjoias.com.br\/escolhas\/shop\/sem-categoria\/choker-dualidade-perolas-e-bolinhas-media-banhada-a-ouro\/","title":{"rendered":"Choker Dualidade P\u00e9rolas e Bolinhas M\u00e9dia Banhada a Ouro"},"content":{"rendered":"<p>Choker Dualidade P\u00e9rolas e Bolinhas M\u00e9dia Banhada a Ouro<\/p>\n","protected":false},"excerpt":{"rendered":"<p>Choker Dualidade P\u00e9rolas e Bolinhas M\u00e9dia Banhada a Ouro<\/p>\n","protected":false},"featured_media":106747,"template":"","meta":[],"product_cat":[2480],"product_tag":[],"class_list":{"0":"post-106746","1":"product","2":"type-product","3":"status-publish","4":"has-post-thumbnail","6":"product_cat-sem-categoria","8":"first","9":"instock","10":"shipping-taxable","11":"purchasable","12":"product-type-simple"},"fifu_image_url":"https:\/\/orgbling.s3.amazonaws.com\/25e28644d5bc765187a98d9415eab57d\/2d1aceaef6cf72ff57ed6424e7d41a62?AWSAccessKeyId=AKIATCLMSGFX4J7TU445&Expires=1743462556&Signature=gKX383gb5%2BB7%2FP0gWpldx2%2BqYlU%3D","_links":{"self":[{"href":"https:\/\/estiloromano.smartjoias.com.br\/escolhas\/wp-json\/wp\/v2\/product\/106746","targetHints":{"allow":["GET"]}}],"collection":[{"href":"https:\/\/estiloromano.smartjoias.com.br\/escolhas\/wp-json\/wp\/v2\/product"}],"about":[{"href":"https:\/\/estiloromano.smartjoias.com.br\/escolhas\/wp-json\/wp\/v2\/types\/product"}],"wp:featuredmedia":[{"embeddable":true,"href":"https:\/\/estiloromano.smartjoias.com.br\/escolhas\/wp-json\/wp\/v2\/media\/106747"}],"wp:attachment":[{"href":"https:\/\/estiloromano.smartjoias.com.br\/escolhas\/wp-json\/wp\/v2\/media?parent=106746"}],"wp:term":[{"taxonomy":"product_cat","embeddable":true,"href":"https:\/\/estiloromano.smartjoias.com.br\/escolhas\/wp-json\/wp\/v2\/product_cat?post=106746"},{"taxonomy":"product_tag","embeddable":true,"href":"https:\/\/estiloromano.smartjoias.com.br\/escolhas\/wp-json\/wp\/v2\/product_tag?post=106746"}],"curies":[{"name":"wp","href":"https:\/\/api.w.org\/{rel}","templated":true}]}}