{"id":106770,"date":"2024-12-18T14:14:40","date_gmt":"2024-12-18T17:14:40","guid":{"rendered":"https:\/\/estiloromano.smartjoias.com.br\/escolhas\/shop\/uncategorized\/brinco-coracao-zirconia-azul-claro-com-microzirconias-banhado-a-ouro\/"},"modified":"2025-03-24T20:14:00","modified_gmt":"2025-03-24T23:14:00","slug":"brinco-coracao-zirconia-azul-claro-com-microzirconias-banhado-a-ouro","status":"publish","type":"product","link":"https:\/\/estiloromano.smartjoias.com.br\/escolhas\/shop\/sem-categoria\/brinco-coracao-zirconia-azul-claro-com-microzirconias-banhado-a-ouro\/","title":{"rendered":"Brinco Cora\u00e7\u00e3o Zirc\u00f4nia Azul Claro com Microzirc\u00f4nias &#8211; Banhado a Ouro"},"content":{"rendered":"<p>Brinco Cora\u00e7\u00e3o Zirc\u00f4nia Azul Claro com Microzirc\u00f4nias &#8211; Banhado a Ouro<\/p>\n","protected":false},"excerpt":{"rendered":"<p>Brinco Cora\u00e7\u00e3o Zirc\u00f4nia Azul Claro com Microzirc\u00f4nias &#8211; Banhado a Ouro<\/p>\n","protected":false},"featured_media":106771,"template":"","meta":[],"product_cat":[2480],"product_tag":[],"class_list":{"0":"post-106770","1":"product","2":"type-product","3":"status-publish","4":"has-post-thumbnail","6":"product_cat-sem-categoria","8":"first","9":"instock","10":"shipping-taxable","11":"purchasable","12":"product-type-simple"},"fifu_image_url":"https:\/\/orgbling.s3.amazonaws.com\/25e28644d5bc765187a98d9415eab57d\/22056bb969047155f1c041ee2565e77d?AWSAccessKeyId=AKIATCLMSGFX4J7TU445&Expires=1743462815&Signature=18SCyR1tsNrMkDhEyZroECq4pxY%3D","_links":{"self":[{"href":"https:\/\/estiloromano.smartjoias.com.br\/escolhas\/wp-json\/wp\/v2\/product\/106770","targetHints":{"allow":["GET"]}}],"collection":[{"href":"https:\/\/estiloromano.smartjoias.com.br\/escolhas\/wp-json\/wp\/v2\/product"}],"about":[{"href":"https:\/\/estiloromano.smartjoias.com.br\/escolhas\/wp-json\/wp\/v2\/types\/product"}],"wp:featuredmedia":[{"embeddable":true,"href":"https:\/\/estiloromano.smartjoias.com.br\/escolhas\/wp-json\/wp\/v2\/media\/106771"}],"wp:attachment":[{"href":"https:\/\/estiloromano.smartjoias.com.br\/escolhas\/wp-json\/wp\/v2\/media?parent=106770"}],"wp:term":[{"taxonomy":"product_cat","embeddable":true,"href":"https:\/\/estiloromano.smartjoias.com.br\/escolhas\/wp-json\/wp\/v2\/product_cat?post=106770"},{"taxonomy":"product_tag","embeddable":true,"href":"https:\/\/estiloromano.smartjoias.com.br\/escolhas\/wp-json\/wp\/v2\/product_tag?post=106770"}],"curies":[{"name":"wp","href":"https:\/\/api.w.org\/{rel}","templated":true}]}}