{"id":106790,"date":"2024-12-18T14:15:05","date_gmt":"2024-12-18T17:15:05","guid":{"rendered":"https:\/\/estiloromano.smartjoias.com.br\/escolhas\/shop\/uncategorized\/brinco-coracao-zirconia-rosa-claro-12mm-banhado-a-prata\/"},"modified":"2025-03-24T20:14:27","modified_gmt":"2025-03-24T23:14:27","slug":"brinco-coracao-zirconia-rosa-claro-12mm-banhado-a-prata","status":"publish","type":"product","link":"https:\/\/estiloromano.smartjoias.com.br\/escolhas\/shop\/sem-categoria\/brinco-coracao-zirconia-rosa-claro-12mm-banhado-a-prata\/","title":{"rendered":"Brinco Cora\u00e7\u00e3o Zirc\u00f4nia Rosa Claro 12mm &#8211; Banhado a Prata"},"content":{"rendered":"<p>Brinco Cora\u00e7\u00e3o Zirc\u00f4nia Rosa Claro 12mm &#8211; Banhado a Prata<\/p>\n","protected":false},"excerpt":{"rendered":"<p>Brinco Cora\u00e7\u00e3o Zirc\u00f4nia Rosa Claro 12mm &#8211; Banhado a Prata<\/p>\n","protected":false},"featured_media":106791,"template":"","meta":[],"product_cat":[2480],"product_tag":[],"class_list":{"0":"post-106790","1":"product","2":"type-product","3":"status-publish","4":"has-post-thumbnail","6":"product_cat-sem-categoria","8":"first","9":"instock","10":"shipping-taxable","11":"purchasable","12":"product-type-simple"},"fifu_image_url":"https:\/\/orgbling.s3.amazonaws.com\/25e28644d5bc765187a98d9415eab57d\/1f484b772676c537148629f308900940?AWSAccessKeyId=AKIATCLMSGFX4J7TU445&Expires=1743462815&Signature=G6ZeIMaCQWL0TSRodEGRY%2FZnofs%3D","_links":{"self":[{"href":"https:\/\/estiloromano.smartjoias.com.br\/escolhas\/wp-json\/wp\/v2\/product\/106790","targetHints":{"allow":["GET"]}}],"collection":[{"href":"https:\/\/estiloromano.smartjoias.com.br\/escolhas\/wp-json\/wp\/v2\/product"}],"about":[{"href":"https:\/\/estiloromano.smartjoias.com.br\/escolhas\/wp-json\/wp\/v2\/types\/product"}],"wp:featuredmedia":[{"embeddable":true,"href":"https:\/\/estiloromano.smartjoias.com.br\/escolhas\/wp-json\/wp\/v2\/media\/106791"}],"wp:attachment":[{"href":"https:\/\/estiloromano.smartjoias.com.br\/escolhas\/wp-json\/wp\/v2\/media?parent=106790"}],"wp:term":[{"taxonomy":"product_cat","embeddable":true,"href":"https:\/\/estiloromano.smartjoias.com.br\/escolhas\/wp-json\/wp\/v2\/product_cat?post=106790"},{"taxonomy":"product_tag","embeddable":true,"href":"https:\/\/estiloromano.smartjoias.com.br\/escolhas\/wp-json\/wp\/v2\/product_tag?post=106790"}],"curies":[{"name":"wp","href":"https:\/\/api.w.org\/{rel}","templated":true}]}}