{"id":106810,"date":"2024-12-18T14:15:39","date_gmt":"2024-12-18T17:15:39","guid":{"rendered":"https:\/\/estiloromano.smartjoias.com.br\/escolhas\/shop\/uncategorized\/colar-menina-coracao-banhado-a-ouro\/"},"modified":"2025-03-24T20:15:00","modified_gmt":"2025-03-24T23:15:00","slug":"colar-menina-coracao-banhado-a-ouro","status":"publish","type":"product","link":"https:\/\/estiloromano.smartjoias.com.br\/escolhas\/shop\/sem-categoria\/colar-menina-coracao-banhado-a-ouro\/","title":{"rendered":"Colar Menina Cora\u00e7\u00e3o &#8211; Banhado a Ouro"},"content":{"rendered":"<p>Colar Menina Cora\u00e7\u00e3o &#8211; Banhado a Ouro<\/p>\n","protected":false},"excerpt":{"rendered":"<p>Colar Menina Cora\u00e7\u00e3o &#8211; Banhado a Ouro<\/p>\n","protected":false},"featured_media":106811,"template":"","meta":[],"product_cat":[2480],"product_tag":[],"class_list":{"0":"post-106810","1":"product","2":"type-product","3":"status-publish","4":"has-post-thumbnail","6":"product_cat-sem-categoria","8":"first","9":"instock","10":"shipping-taxable","11":"purchasable","12":"product-type-simple"},"fifu_image_url":"https:\/\/orgbling.s3.amazonaws.com\/25e28644d5bc765187a98d9415eab57d\/f5061d08c913193b61c81e09d45f2691?AWSAccessKeyId=AKIATCLMSGFX4J7TU445&Expires=1743462815&Signature=ul4k4fDL3k0lomgo1hrR3icn39Y%3D","_links":{"self":[{"href":"https:\/\/estiloromano.smartjoias.com.br\/escolhas\/wp-json\/wp\/v2\/product\/106810","targetHints":{"allow":["GET"]}}],"collection":[{"href":"https:\/\/estiloromano.smartjoias.com.br\/escolhas\/wp-json\/wp\/v2\/product"}],"about":[{"href":"https:\/\/estiloromano.smartjoias.com.br\/escolhas\/wp-json\/wp\/v2\/types\/product"}],"wp:featuredmedia":[{"embeddable":true,"href":"https:\/\/estiloromano.smartjoias.com.br\/escolhas\/wp-json\/wp\/v2\/media\/106811"}],"wp:attachment":[{"href":"https:\/\/estiloromano.smartjoias.com.br\/escolhas\/wp-json\/wp\/v2\/media?parent=106810"}],"wp:term":[{"taxonomy":"product_cat","embeddable":true,"href":"https:\/\/estiloromano.smartjoias.com.br\/escolhas\/wp-json\/wp\/v2\/product_cat?post=106810"},{"taxonomy":"product_tag","embeddable":true,"href":"https:\/\/estiloromano.smartjoias.com.br\/escolhas\/wp-json\/wp\/v2\/product_tag?post=106810"}],"curies":[{"name":"wp","href":"https:\/\/api.w.org\/{rel}","templated":true}]}}