{"id":106895,"date":"2025-01-03T13:03:56","date_gmt":"2025-01-03T16:03:56","guid":{"rendered":"https:\/\/estiloromano.smartjoias.com.br\/escolhas\/shop\/uncategorized\/colar-gota-perola-banhado-a-rodio-branco-3\/"},"modified":"2025-03-24T20:11:56","modified_gmt":"2025-03-24T23:11:56","slug":"colar-gota-perola-banhado-a-rodio-branco-3","status":"publish","type":"product","link":"https:\/\/estiloromano.smartjoias.com.br\/escolhas\/shop\/sem-categoria\/colar-gota-perola-banhado-a-rodio-branco-3\/","title":{"rendered":"Colar Gota P\u00e9rola &#8211; Banhado a R\u00f3dio Branco"},"content":{"rendered":"<p>Colar Gota P\u00e9rola &#8211; Banhado a R\u00f3dio Branco<\/p>\n","protected":false},"excerpt":{"rendered":"<p>Colar Gota P\u00e9rola &#8211; Banhado a R\u00f3dio Branco<\/p>\n","protected":false},"featured_media":107305,"template":"","meta":[],"product_cat":[2480],"product_tag":[],"class_list":{"0":"post-106895","1":"product","2":"type-product","3":"status-publish","4":"has-post-thumbnail","6":"product_cat-sem-categoria","8":"first","9":"instock","10":"shipping-taxable","11":"purchasable","12":"product-type-simple"},"fifu_image_url":"https:\/\/orgbling.s3.amazonaws.com\/25e28644d5bc765187a98d9415eab57d\/7f21f13500fe997fcb447ad6a986d133?AWSAccessKeyId=AKIATCLMSGFX4J7TU445&Expires=1743462556&Signature=dmwIAMnW1qw7QMrMtrXidkLlqFA%3D","_links":{"self":[{"href":"https:\/\/estiloromano.smartjoias.com.br\/escolhas\/wp-json\/wp\/v2\/product\/106895","targetHints":{"allow":["GET"]}}],"collection":[{"href":"https:\/\/estiloromano.smartjoias.com.br\/escolhas\/wp-json\/wp\/v2\/product"}],"about":[{"href":"https:\/\/estiloromano.smartjoias.com.br\/escolhas\/wp-json\/wp\/v2\/types\/product"}],"wp:featuredmedia":[{"embeddable":true,"href":"https:\/\/estiloromano.smartjoias.com.br\/escolhas\/wp-json\/wp\/v2\/media\/107305"}],"wp:attachment":[{"href":"https:\/\/estiloromano.smartjoias.com.br\/escolhas\/wp-json\/wp\/v2\/media?parent=106895"}],"wp:term":[{"taxonomy":"product_cat","embeddable":true,"href":"https:\/\/estiloromano.smartjoias.com.br\/escolhas\/wp-json\/wp\/v2\/product_cat?post=106895"},{"taxonomy":"product_tag","embeddable":true,"href":"https:\/\/estiloromano.smartjoias.com.br\/escolhas\/wp-json\/wp\/v2\/product_tag?post=106895"}],"curies":[{"name":"wp","href":"https:\/\/api.w.org\/{rel}","templated":true}]}}