{"id":106997,"date":"2025-01-20T06:50:59","date_gmt":"2025-01-20T09:50:59","guid":{"rendered":"https:\/\/estiloromano.smartjoias.com.br\/escolhas\/shop\/uncategorized\/body-splash-explosao-de-melancia-160ml-poran\/"},"modified":"2025-03-24T20:10:38","modified_gmt":"2025-03-24T23:10:38","slug":"body-splash-explosao-de-melancia-160ml-poran","status":"publish","type":"product","link":"https:\/\/estiloromano.smartjoias.com.br\/escolhas\/shop\/sem-categoria\/body-splash-explosao-de-melancia-160ml-poran\/","title":{"rendered":"Body Splash &#8211; Explos\u00e3o de Mel\u00e2ncia 160ml &#8211; Poran"},"content":{"rendered":"<p>Body Splash &#8211; Explos\u00e3o de Mel\u00e2ncia 160ml &#8211; Poran<\/p>\n","protected":false},"excerpt":{"rendered":"<p>Body Splash &#8211; Explos\u00e3o de Mel\u00e2ncia 160ml &#8211; Poran<\/p>\n","protected":false},"featured_media":0,"template":"","meta":[],"product_cat":[2480],"product_tag":[],"class_list":{"0":"post-106997","1":"product","2":"type-product","3":"status-publish","5":"product_cat-sem-categoria","7":"first","8":"instock","9":"shipping-taxable","10":"purchasable","11":"product-type-simple"},"_links":{"self":[{"href":"https:\/\/estiloromano.smartjoias.com.br\/escolhas\/wp-json\/wp\/v2\/product\/106997","targetHints":{"allow":["GET"]}}],"collection":[{"href":"https:\/\/estiloromano.smartjoias.com.br\/escolhas\/wp-json\/wp\/v2\/product"}],"about":[{"href":"https:\/\/estiloromano.smartjoias.com.br\/escolhas\/wp-json\/wp\/v2\/types\/product"}],"wp:attachment":[{"href":"https:\/\/estiloromano.smartjoias.com.br\/escolhas\/wp-json\/wp\/v2\/media?parent=106997"}],"wp:term":[{"taxonomy":"product_cat","embeddable":true,"href":"https:\/\/estiloromano.smartjoias.com.br\/escolhas\/wp-json\/wp\/v2\/product_cat?post=106997"},{"taxonomy":"product_tag","embeddable":true,"href":"https:\/\/estiloromano.smartjoias.com.br\/escolhas\/wp-json\/wp\/v2\/product_tag?post=106997"}],"curies":[{"name":"wp","href":"https:\/\/api.w.org\/{rel}","templated":true}]}}